{"id":1055,"date":"2023-05-09T17:12:11","date_gmt":"2023-05-09T15:12:11","guid":{"rendered":"https:\/\/preprod.teatrosancarlo.it\/?page_id=1055"},"modified":"2024-01-30T11:25:18","modified_gmt":"2024-01-30T10:25:18","slug":"pret-a-parterre","status":"publish","type":"page","link":"https:\/\/preprod.teatrosancarlo.it\/en\/memus\/pret-a-parterre\/","title":{"rendered":"Pret A Parterre"},"content":{"rendered":"<section class=\"wpb-content-wrapper\"><p>[vc_row data_bf_animate=&#8221;&#8221; bf_overlay_color=&#8221;&#8221; css=&#8221;.vc_custom_1688048139385{padding-top: 5% !important;padding-bottom: 5% !important;}&#8221;][vc_column width=&#8221;1\/2&#8243;]<div class=\"bf-title-block color-titles    \"><h2 class=\"bf-title\">Pr\u00eat \u00e0 parterre: di moda in modi al San Carlo<\/h2><\/div>[vc_column_text]<\/p>\n<p class=\"p1\">a cura di Emmanuela Spedaliere, Giovanna Tinaro, Giusi Giustino<\/p>\n<p>[\/vc_column_text][vc_single_image image=&#8221;1280&#8243; img_size=&#8221;full&#8221; alignment=&#8221;right&#8221;][\/vc_column][vc_column width=&#8221;1\/2&#8243;][vc_column_text]<\/p>\n<p class=\"p1\"><span class=\"s1\"><i>Pr\u00eat \u00e0 parterre: di moda in modi al San Carlo\u00a0<\/i><\/span>\u00e8 la nuova Mostra con cui il Teatro di San Carlo, a partire da sabato 18 dicembre, ha deciso di celebrare il proprio pubblico, dopo un lunghissimo periodo in cui \u00e8 stato il grande assente.<\/p>\n<p class=\"p1\">In una prospettiva ribaltata, in cui \u00e8 il Teatro a guardare ai propri spettatori, il pubblico diventa protagonista assoluto di un racconto che si sviluppa negli spazi del MeMus, all\u2019interno del Palazzo Reale di Napoli.<\/p>\n<p class=\"p1\">Questa narrazione visiva e audiovisiva che parte per lo pi\u00f9 dagli anni Cinquanta del Novecento e arriva fino alla contemporaneit\u00e0, si snoda attraverso fotografie, libretti, biglietti, abbonamenti, oggetti vari, abiti e accessori, ma anche testimonianze dirette del pubblico di oggi.<\/p>\n<p class=\"p1\">Gli spettatori, che nel rito dell\u2019andare a teatro cambiano mode e gusti, sono lo specchio di una societ\u00e0 che si evolve, cambia pelle, muta lo stile, sono un caleidoscopio attraverso cui poter riconoscere tutte le trasformazioni culturali e storiche dei tempi.<\/p>\n<p class=\"p1\">L\u2019allestimento museale valorizza le raccolte documentarie che costituiscono il patrimonio archivistico del Teatro di San Carlo, in particolare, il fondo fotografico dell\u2019Archivio Storico del San Carlo, oggetto di un recente intervento di digitalizzazione dell\u2019intera serie di fotografie di scena, ritratti, album, cartelloni, sostenuto dalla Regione Campania nell\u2019ambito di una serie di azioni supportate dalla Soprintendenza archivistica e bibliografica della Campania.<\/p>\n<p class=\"p1\">Non mancano alcuni storici scatti dell\u2019Archivio fotografico \u201cRiccardo Carbone\u201d, partner nell\u2019ambito della fitta rete istituzionale attivata sul progetto, nella quale trova posto anche il Museo della Moda di Napoli \u2013 Fondazione Mondragone \u2013 Museo del tessile e dell\u2019abbigliamento \u201cElena Aldobrandini\u201d.<\/p>\n<p class=\"p1\">Usi e costumi del pubblico sancarliano vengono fuori anche da racconti di storici frequentatori del Teatro, come Sergio Ragni, curatore di diverse iniziative, progetti editoriali e mostre realizzate a MeMUS negli ultimi dieci anni.<\/p>\n<p class=\"p2\">\u00c8\u00a0possibile visitare il\u00a0MeMus, Museo e Archivio Storico del Teatro di San Carlo:<\/p>\n<p class=\"p2\">luned\u00ec, marted\u00ec, gioved\u00ec, venerd\u00ec e sabato<br \/>\n<span class=\"s2\">9.30 &#8211; 13.00 \/ 14.00 &#8211; 18.00<\/span><\/p>\n<p class=\"p1\">domenica<br \/>\n9.30 &#8211; 15.00<\/p>\n<p class=\"p2\">chiuso il mercoled\u00ec<\/p>\n<p class=\"p3\"><span class=\"s3\"><br \/>\n<\/span><b>Ingresso: 3 euro<\/b><\/p>\n<p class=\"p4\"><b>Info e prenotazioni<\/b><\/p>\n<p class=\"p2\">T. 0817972412<\/p>\n<p class=\"p5\">Email: <a href=\"mailto:visiteguidate@preprod.teatrosancarlo.it\">visiteguidate@preprod.teatrosancarlo.it<\/a><\/p>\n<p>[\/vc_column_text][\/vc_column][\/vc_row]<\/p>\n<\/section>","protected":false},"excerpt":{"rendered":"<p>[vc_row data_bf_animate=&#8221;&#8221; bf_overlay_color=&#8221;&#8221; css=&#8221;.vc_custom_1688048139385{padding-top: 5% !important;padding-bottom: 5% !important;}&#8221;][vc_column width=&#8221;1\/2&#8243;][vc_column_text] a cura di Emmanuela Spedaliere, Giovanna Tinaro, Giusi Giustino [\/vc_column_text][vc_single_image image=&#8221;1280&#8243; img_size=&#8221;full&#8221; alignment=&#8221;right&#8221;][\/vc_column][vc_column width=&#8221;1\/2&#8243;][vc_column_text] Pr\u00eat \u00e0 parterre: di moda in modi al San Carlo\u00a0\u00e8 la nuova Mostra con cui il Teatro di San Carlo, a partire da sabato 18 dicembre, ha deciso di celebrare il proprio &hellip; <a class=\"bf-link titles icon-arrow-right icon-arrow-right-primary\" href=\"https:\/\/preprod.teatrosancarlo.it\/en\/memus\/pret-a-parterre\/\">Read more<\/a><\/p>\n","protected":false},"author":4,"featured_media":0,"parent":1044,"menu_order":0,"comment_status":"closed","ping_status":"closed","template":"","meta":{"footnotes":""},"class_list":["post-1055","page","type-page","status-publish","hentry","categoria-pagina-memus"],"aioseo_notices":[],"acf":{"header_trasparente":true,"newsletter_footer":true,"next_events_widget":false,"news_widget":false,"video_widget":false,"video":null,"accesso":""},"_links":{"self":[{"href":"https:\/\/preprod.teatrosancarlo.it\/en\/wp-json\/wp\/v2\/pages\/1055","targetHints":{"allow":["GET"]}}],"collection":[{"href":"https:\/\/preprod.teatrosancarlo.it\/en\/wp-json\/wp\/v2\/pages"}],"about":[{"href":"https:\/\/preprod.teatrosancarlo.it\/en\/wp-json\/wp\/v2\/types\/page"}],"author":[{"embeddable":true,"href":"https:\/\/preprod.teatrosancarlo.it\/en\/wp-json\/wp\/v2\/users\/4"}],"replies":[{"embeddable":true,"href":"https:\/\/preprod.teatrosancarlo.it\/en\/wp-json\/wp\/v2\/comments?post=1055"}],"version-history":[{"count":7,"href":"https:\/\/preprod.teatrosancarlo.it\/en\/wp-json\/wp\/v2\/pages\/1055\/revisions"}],"predecessor-version":[{"id":4665,"href":"https:\/\/preprod.teatrosancarlo.it\/en\/wp-json\/wp\/v2\/pages\/1055\/revisions\/4665"}],"up":[{"embeddable":true,"href":"https:\/\/preprod.teatrosancarlo.it\/en\/wp-json\/wp\/v2\/pages\/1044"}],"wp:attachment":[{"href":"https:\/\/preprod.teatrosancarlo.it\/en\/wp-json\/wp\/v2\/media?parent=1055"}],"wp:term":[{"taxonomy":"categoria-pagina","embeddable":true,"href":"https:\/\/preprod.teatrosancarlo.it\/en\/wp-json\/wp\/v2\/categoria-pagina?post=1055"}],"curies":[{"name":"wp","href":"https:\/\/api.w.org\/{rel}","templated":true}]}}