{"id":1058,"date":"2023-05-09T17:14:36","date_gmt":"2023-05-09T15:14:36","guid":{"rendered":"https:\/\/preprod.teatrosancarlo.it\/?page_id=1058"},"modified":"2024-01-30T11:24:03","modified_gmt":"2024-01-30T10:24:03","slug":"voci-di-memus","status":"publish","type":"page","link":"https:\/\/preprod.teatrosancarlo.it\/en\/memus\/voci-di-memus\/","title":{"rendered":"Voci di Memus"},"content":{"rendered":"<section class=\"wpb-content-wrapper\"><p>[vc_row data_bf_animate=&#8221;&#8221; bf_overlay_color=&#8221;&#8221; css=&#8221;.vc_custom_1683645351841{padding-top: 5% !important;padding-bottom: 5% !important;background-color: #f5f6f6 !important;}&#8221;][vc_column width=&#8221;1\/2&#8243;]<div class=\"bf-title-block color-titles    \"><h2 class=\"bf-title\">Il racconto del patrimonio del Teatro di San Carlo attraverso le voci della comunit\u00e0 di prossimit\u00e0<\/h2><\/div>[vc_column_text]<\/p>\n<p class=\"p1\">\u201cVoci di MeMUS &#8211; Conversazioni in rete\u201d \u00e8 un progetto di narrazione partecipativa del patrimonio museale del MEMUS (Museo e Archivio Storico del Teatro di San Carlo) attraverso il racconto collettivo della comunit\u00e0 che diventa cos\u00ec parte attiva nel circuito virtuoso della valorizzazione e della fruizione della conoscenza di un teatro simbolo della cultura di Napoli e dell\u2019intero\u00a0mezzogiorno d\u2019Italia.<\/p>\n<p>Il progetto, realizzato con il supporto della\u00a0<span class=\"s1\"><b>Regione Campania \u2013 UOD 01 \u201cPromozione e Valorizzazione dei Musei e delle Biblioteche\u201d<\/b><\/span>-, prevede la programmazione di un ciclo di podcast sul Teatro di San Carlo in relazione all\u2019evoluzione del costume e della societ\u00e0 che da sempre ruota intorno al Lirico napoletano e agli artisti che hanno popolato le sue stagioni.<\/p>\n<p class=\"p1\">Si tratta di un progetto che pone al centro la didattica museale intesa come educazione al patrimonio culturale, ma attraverso un approccio trasversale, incentrato sul racconto \u201cinterattivo\u201d tra musei e istituzioni diverse, ma anche collezionisti privati e personaggi che hanno vissuto il Teatro: chiederemo a ciascuno di raccontare il patrimonio del San Carlo, attraverso la propria \u201cvoce\u201d, che rappresenter\u00e0 una preziosa intersezione comunicativa di una serie di \u201cconversazioni\u201d in cui il protagonista invitato potr\u00e0 raccontare il proprio \u201cpezzo\u201d di memoria sancarliana da uno specifico e originale punto di vista.<\/p>\n<p class=\"p1\">L\u2019obiettivo \u00e8 infatti quello di creare una raccolta di conversazioni e di racconti multimediali: lo \u201csguardo\u201d e la voce di chi il San Carlo lo ha vissuto, amato, conservato, \u201cabitato\u201d (per esempio una Costumista, un Fotografo, il curatore dell\u2019Archivio Storico, e ovviamente artisti e studiosi che a vario titolo hanno attraversato la storia recente del San Carlo) ma anche di chi lo ha osservato dall\u2019esterno o continua a dialogare con il teatro per via istituzionale o per prossimit\u00e0. Spunti per una raccolta digitale capace di documentare il coinvolgimento della comunit\u00e0 in questa narrazione partecipativa.<\/p>\n<p>La metafora che pu\u00f2 meglio di tutte raccogliere le diverse voci della comunit\u00e0 in dialogo \u00e8 quella della Radio, una emittente simbolica che dal Museo MeMUS potr\u00e0 irradiare le varie storie raccontate dalle diverse voci in un etere oggi espanso nella multimedialit\u00e0, ma con il fascino del mezzo antico eppure sempre attuale rappresentato dai podcast.[\/vc_column_text][\/vc_column][vc_column width=&#8221;1\/2&#8243;][vc_column_text]<\/p>\n<h2 class=\"p2\">Protagonisti:<\/h2>\n<p class=\"p1\"><span class=\"s1\"><b>Sylvain Bellenger<\/b><\/span>, direttore del Museo di Capodimonte;\u00a0<span class=\"s1\"><b>Sergio Ragni<\/b><\/span>, collezionista;\u00a0<span class=\"s1\"><b>Gabriele Capone<\/b><\/span>, direttore della Biblioteca Nazionale di Napoli Vittorio Emanuele III,\u00a0<span class=\"s1\"><b>Mario Epifani<\/b><\/span>, Direttore del Palazzo Reale di Napoli;\u00a0<span class=\"s1\"><b>Candida Carrino<\/b><\/span>, Direttore dell\u2019Archivio di Stato di Napoli;\u00a0<span class=\"s1\"><b>Paolo Mascilli Migliorini<\/b><\/span>\u00a0architetto, direttore fino al 2020 del Palazzo Reale di Napoli;\u00a0<span class=\"s1\"><b>Eduardo Nappi<\/b><\/span>, per molti anni responsabile dell\u2019Archivio Storico del Banco di Napoli;\u00a0<span class=\"s1\"><b>Angela Tecce<\/b><\/span>, Presidente Museo MADRE di Napoli;\u00a0<span class=\"s1\"><b>Paolo Giulierini<\/b><\/span>, Direttore del MANN.<\/p>\n<p class=\"p1\"><span class=\"s1\"><b>\u201cDietro le quinte del patrimonio\u201d:<\/b><\/span>\u00a0<span class=\"s1\"><b>Dinko Fabris<\/b><\/span>\u00a0(responsabile scientifico del Dipartimento di ricerca, editoria, comunicazione, Memus e Archivio Storico del Teatro di San Carlo),\u00a0<span class=\"s1\"><b>Giusi Giustino<\/b><\/span>\u00a0(responsabile sartoria del Teatro di San Carlo),\u00a0<span class=\"s1\"><b>Nicola Rubertelli<\/b><\/span>\u00a0(gi\u00e0 direttore degli allestimenti scenici del Teatro di San Carlo),\u00a0<span class=\"s1\"><b>Luciano Romano<\/b><\/span>\u00a0(fotografo di scena del Teatro di San Carlo),\u00a0<span class=\"s1\"><b>Giovanna Tinaro<\/b><\/span>\u00a0(curatrice Archivio Storico e Museo Memus del Teatro di San Carlo),\u00a0<span class=\"s1\"><b>Christian Iorio<\/b><\/span>\u00a0(curatore contenuti Progetti Educational &#8211; marketing e promozione pubblico del Teatro di San Carlo).<\/p>\n<h2 class=\"p2\">Cura e progettazione:<\/h2>\n<p class=\"p2\"><b>Dinko Fabris, Giovanna Tinaro<\/b><\/p>\n<p class=\"p3\"><b>Seguiteci ogni sabato mattina alle ore 10, a partire da sabato 30 gennaio 2021.<\/b><\/p>\n<p class=\"p4\"><span class=\"s3\"><a href=\"https:\/\/www.spreaker.com\/show\/voci-di-memus-conversazioni-in-rete\"><b>Ascolta &#8220;Voci di Memus&#8221; su Spreaker.&gt;<\/b><\/a><\/span><span class=\"s4\"><b><br \/>\n<\/b><\/span><span class=\"s5\"><b>(ELENCO PODCAST)<\/b><\/span><\/p>\n<p>[\/vc_column_text][\/vc_column][\/vc_row]<\/p>\n<\/section>","protected":false},"excerpt":{"rendered":"<p>[vc_row data_bf_animate=&#8221;&#8221; bf_overlay_color=&#8221;&#8221; css=&#8221;.vc_custom_1683645351841{padding-top: 5% !important;padding-bottom: 5% !important;background-color: #f5f6f6 !important;}&#8221;][vc_column width=&#8221;1\/2&#8243;][vc_column_text] \u201cVoci di MeMUS &#8211; Conversazioni in rete\u201d \u00e8 un progetto di narrazione partecipativa del patrimonio museale del MEMUS (Museo e Archivio Storico del Teatro di San Carlo) attraverso il racconto collettivo della comunit\u00e0 che diventa cos\u00ec parte attiva nel circuito virtuoso della valorizzazione e &hellip; <a class=\"bf-link titles icon-arrow-right icon-arrow-right-primary\" href=\"https:\/\/preprod.teatrosancarlo.it\/en\/memus\/voci-di-memus\/\">Read more<\/a><\/p>\n","protected":false},"author":4,"featured_media":1059,"parent":1044,"menu_order":0,"comment_status":"closed","ping_status":"closed","template":"","meta":{"footnotes":""},"class_list":["post-1058","page","type-page","status-publish","has-post-thumbnail","hentry","categoria-pagina-memus"],"aioseo_notices":[],"acf":{"header_trasparente":true,"newsletter_footer":true,"next_events_widget":false,"news_widget":false,"video_widget":false,"video":null,"accesso":""},"_links":{"self":[{"href":"https:\/\/preprod.teatrosancarlo.it\/en\/wp-json\/wp\/v2\/pages\/1058","targetHints":{"allow":["GET"]}}],"collection":[{"href":"https:\/\/preprod.teatrosancarlo.it\/en\/wp-json\/wp\/v2\/pages"}],"about":[{"href":"https:\/\/preprod.teatrosancarlo.it\/en\/wp-json\/wp\/v2\/types\/page"}],"author":[{"embeddable":true,"href":"https:\/\/preprod.teatrosancarlo.it\/en\/wp-json\/wp\/v2\/users\/4"}],"replies":[{"embeddable":true,"href":"https:\/\/preprod.teatrosancarlo.it\/en\/wp-json\/wp\/v2\/comments?post=1058"}],"version-history":[{"count":6,"href":"https:\/\/preprod.teatrosancarlo.it\/en\/wp-json\/wp\/v2\/pages\/1058\/revisions"}],"predecessor-version":[{"id":2870,"href":"https:\/\/preprod.teatrosancarlo.it\/en\/wp-json\/wp\/v2\/pages\/1058\/revisions\/2870"}],"up":[{"embeddable":true,"href":"https:\/\/preprod.teatrosancarlo.it\/en\/wp-json\/wp\/v2\/pages\/1044"}],"wp:featuredmedia":[{"embeddable":true,"href":"https:\/\/preprod.teatrosancarlo.it\/en\/wp-json\/wp\/v2\/media\/1059"}],"wp:attachment":[{"href":"https:\/\/preprod.teatrosancarlo.it\/en\/wp-json\/wp\/v2\/media?parent=1058"}],"wp:term":[{"taxonomy":"categoria-pagina","embeddable":true,"href":"https:\/\/preprod.teatrosancarlo.it\/en\/wp-json\/wp\/v2\/categoria-pagina?post=1058"}],"curies":[{"name":"wp","href":"https:\/\/api.w.org\/{rel}","templated":true}]}}