{"id":1063,"date":"2023-05-09T17:22:15","date_gmt":"2023-05-09T15:22:15","guid":{"rendered":"https:\/\/preprod.teatrosancarlo.it\/?page_id=1063"},"modified":"2024-01-30T11:27:53","modified_gmt":"2024-01-30T10:27:53","slug":"ritorno-allopera","status":"publish","type":"page","link":"https:\/\/preprod.teatrosancarlo.it\/en\/ritorno-allopera\/","title":{"rendered":"Ritorno all&#8217;Opera"},"content":{"rendered":"<section class=\"wpb-content-wrapper\"><p>[vc_row data_bf_animate=&#8221;&#8221; bf_overlay_color=&#8221;&#8221; css=&#8221;.vc_custom_1683646012066{padding-top: 5% !important;padding-bottom: 5% !important;}&#8221;][vc_column width=&#8221;1\/2&#8243;]<div class=\"bf-title-block color-titles    \"><h2 class=\"bf-title\">RITORNO ALL\u2019OPERA<\/h2><\/div>[vc_column_text]<\/p>\n<p class=\"p1\"><i>Viaggio illustrato attraverso la musica per bambini di ogni et\u00e0<\/i><\/p>\n<p class=\"p1\">Testi di Giovanni Chianelli e Luca De Lorenzo<br \/>\nDisegni di Michela Di Cecio<\/p>\n<p>[\/vc_column_text][\/vc_column][vc_column width=&#8221;1\/2&#8243;][vc_column_text]<\/p>\n<h2 class=\"p1\">Premessa<\/h2>\n<p class=\"p2\">Il racconto illustrato\u00a0<span class=\"s1\"><i>Ritorno all\u2019opera<\/i><\/span>\u00a0si propone di favorire la divulgazione del teatro d\u2019opera tra i giovani, soprattutto in et\u00e0 scolare. Partendo dalla convinzione che l\u2019opera sia un patrimonio nazionale da tutelare, diffondere e sviluppare, vengono individuati nei giovani tra gli 8 e i 12 anni i destinatari preferenziali del messaggio, ma naturalmente tutti possono e devono avere accesso ad un testo che parla di bellezza e di magia del teatro musicale. E\u2019 evidente la potenzialit\u00e0 didattica di questo strumento, che coinvolge discipline come la musica, la storia, la geografia, la poesia e la letteratura, oltre ovviamente alla musica. L\u2019uso dell\u2019immagine crea un collegamento prezioso e ormai necessario ad un parametro di interpretazione della realt\u00e0 particolarmente importante per i giovani del nostro tempo. \u00c8 per questo ancora pi\u00f9 prezioso che l\u2019autrice dei disegni sia una giovane artista, lanciata dalla prestigiosa Scuola Comix. Nello stesso tempo i due ideatori e realizzatori del testo provengono da esperienze complementari e ideali per assicurare la pi\u00f9 immediata e ampia fruizione di questo volume: un giornalista esperto di cronaca e un cantante-attore. La realizzazione del libro rientra in un pi\u00f9 ampio e ambizioso progetto di inclusione e accessibilit\u00e0 promosso dal Dipartimento di ricerca, editoria e comunicazione del Teatro di San Carlo e dal Museo MeMUS del Teatro, grazie al finanziamento della Regione Campania: \u201cIl Museo del Teatro di San Carlo: accessibilit\u00e0 e inclusione\u201d. \u00a0Questo progetto, condotto in feconda collaborazione con la rete \u201cCampania tra le mani\u201d (con sede presso l\u2019Universit\u00e0 Suor Orsola Benincasa di Napoli),\u00a0 l\u2019Unione Italiana Ciechi-Centro Regionale di Trascrizione Braille, \u00a0e altre istituzioni specializzate, prevede la trascrizione Braille del testo, la produzione di un audiolibro e un\u2019installazione scenografica \u2013 a cura di Kaos Produzioni &#8211; che consentir\u00e0 l\u2019utilizzazione in maniera accessibile e inclusiva, anche a fini didattici, di tutto il materiale narrativo, visivo e sonoro prodotto per il progetto da parte di qualsiasi utente senza barriere visive auditive o di altra natura.\u00a0 Intorno al volume sar\u00e0 dunque possibile organizzare laboratori e incontri con scuole e gruppi che potranno sviluppare ulteriori percorsi alla riscoperta del pi\u00f9 straordinario spettacolo che l\u2019umanit\u00e0 abbia concepito: l\u2019opera in musica.<\/p>\n<h2 class=\"p1\">La storia<\/h2>\n<p class=\"p1\">Ritorno all\u2019opera racconta attraverso parole e immagini la vicenda di due giovani musicisti, Ivan e Luca i quali, assieme a Tancredi, bambino di 10 anni compiono un viaggio nel tempo (come i protagonisti del famoso film Ritorno al futuro) alla scoperta dei grandi protagonisti della musica classica e dell\u2019opera: Gioachino Rossini, Wolfgang Amadeus Mozart, Ludwig van Beethoven, Gaetano Donizetti e Giuseppe Verdi. La storia inizia in un teatro italiano nel nostro secolo. Tancredi \u00e8 nella sala insieme ai compagni di classe per assistere al matin\u00e9e de Il barbiere di Siviglia, ma la scolaresca non mostra alcun interesse e anche gli artisti in sala hanno poca voglia di suonare: sembra che l&#8217;opera attragga pi\u00f9 le giovani generazioni: appena lo spettacolo inizia i ragazzi lasciano chiassosi la sala, ed anche i musicisti e gli attori, desolati, vanno via, lasciando sul palco restano solo Ivan, pianista non vedente, e Luca, cantante buffo. I due si accorgono per\u00f2 che in sala \u00e8 rimasto un bambino: il piccolo Tancredi. Decidono quindi di suonare per il loro unico spettatore e, senza volerlo, scatenano forze misteriose. Una strana luce li trasporta in un viaggio a ritroso di tre secoli attraverso la storia della musica e alcuni dei maggiori rappresentanti prima di tornare alla vita normale. I ragazzi, conquistati da quell\u2019avventura del loro compagno, capiscono alla fine che l&#8217;incontro con la musica dal vivo pu\u00f2 realizzare una vera e propria magia e tornano in teatro per seguire con gioia gli spettacoli.<\/p>\n<h2 class=\"p1\">I personaggi principali<\/h2>\n<p class=\"p3\">LUCA, 25-30 anni, magrolino ma con la pancetta, barba e capelli corti neri. Vestito con completo smoking e papillon, per\u00f2 piuttosto malandati. Imbranato, eccessivo nel drammatizzare, comico.<\/p>\n<p class=\"p3\">IVAN, 30-35 anni, cieco alto e muscoloso, capelli lunghi biondi, senza barba. Vestito con frac scarpe rosse. Saggio, sognante, sorridente.<\/p>\n<p class=\"p3\">TANCREDI, 10 anni, mingherlino, ciuffo rosso e lentiggini, aria sveglia. Felpa col cappuccio, jeans e scarpe da tennis. Educato, intuitivo e curioso.<\/p>\n<h2 class=\"p1\">Sviluppo multimediale e diffusione<\/h2>\n<p class=\"p3\">Il racconto per immagini si propone come prodotto accessibile ed inclusivo, all\u2019interno di un progetto organico del Museo MeMUS del Teatro di San Carlo, dove avr\u00e0 una sua estensione in forma di installazione multimediale fissa, sfogliabile digitalmente ed in forma di audiolibro per ipo- e non vedenti. Ogni copia del volume \u00e8 inoltre fornita di un\u00a0<span class=\"s1\"><i>Qr-code<\/i><\/span>\u00a0che trasmette, se alimentato da un device, la musica degli autori citati e la narrazione del racconto per i non vedenti.<\/p>\n<p class=\"p3\">Oltre all\u2019installazione consultabile presso il Museo MeMUS del Teatro di San Carlo, il libro &#8211; anche attraverso i canali Educational del Teatro di San Carlo &#8211; \u00e8 disponibile per presentazioni e distribuzioni nelle librerie specializzate e generaliste, scuole di ogni ordine e grado, festival musicali e dedicati all\u2019infanzia, stampa quotidiana e periodica, oltre che diversi canali social.<\/p>\n<h2 class=\"p1\">Gli autori<\/h2>\n<p class=\"p1\"><b>Giovanni Chianelli.\u00a0<\/b>Nato a Napoli nel 1980, \u00e8 giornalista e autore. Dal 2006 al 2017 ha collaborato con Repubblica ed Espresso, dal 2017 lavora per Il Mattino. Scrive libri, drammaturgie, documentari, format televisivi e radiofonici; tiene corsi di scrittura creativa per scuole, associazioni ed enti pubblici.<\/p>\n<p class=\"p1\"><b>Luca De Lorenzo.\u00a0<\/b>Bass\/baritone, nato a Napoli nel 1987, si \u00e8 diplomato in canto lirico al Conservatorio San Pietro a Majella e in scenografia all\u2019ABANA. Ha debuttato come cantante in diversi ruoli in teatri italiani ed esteri, dirige festival musicali, si occupa di scenografia e regia. Come attore ha lavorato per il teatro e la televisione.<\/p>\n<p class=\"p1\"><b>Michela Di Cecio.\u00a0<\/b>Illustratrice e fumettista nata nel 1997 a Capua (CE). Diplomata nel 2020 alla Scuola Italiana di Comix di Napoli, dove si specializza in disegno realistico, illustrazione, fumetto e colorazione digitale, nello stesso anno \u00e8 autrice della graphic novel \u201cOriana Fallaci\u201d edita da Round Robin.<\/p>\n<p class=\"p1\"><i>\u00a0<\/i><\/p>\n<h2 class=\"p1\">Credits<\/h2>\n<p class=\"p1\"><b>Progetto grafico ed impaginazione<br \/>\n<\/b>Maria Dalmotto<\/p>\n<p class=\"p1\"><b>Coordinamento editoriale<br \/>\n<\/b>Scuola Italiana di Comix Direttore Mario Punzo<\/p>\n<p class=\"p1\"><b>Editing audio e video, registrazioni audio, sviluppo software, realizzazioni scenografiche a cura di<br \/>\n<\/b>Kaos Produzioni<\/p>\n<p class=\"p1\"><b>Trascrizione Braille a cura del<br \/>\n<\/b>Centro Regionale di Trascrizione Braille- sez. di Salerno &#8211; dell\u2019Unione Italiana dei ciechi e degli Ipovedenti<\/p>\n<p class=\"p1\"><b>Voci audiolibro<br \/>\n<\/b>Antonia Cerullo, Ivan Dalia, Luca De Lorenzo, Michela Di Martino, Alberto Onofrietti<\/p>\n<p class=\"p1\"><b>Musiche<br \/>\n<\/b>Fabrizio Romano, Luca De Lorenzo<\/p>\n<p class=\"p1\"><b>Progetto Editoriale e Museale Responsabile scientifico<br \/>\n<\/b>Dinko Fabris<\/p>\n<p class=\"p1\"><b>Coordinamento generale<br \/>\n<\/b>Giovanna Tinaro<\/p>\n<p class=\"p1\"><b>\u00a9 2022 Teatro San Carlo Edizioni<\/b><\/p>\n<p class=\"p1\"><b>\u00a0<\/b><\/p>\n<h2 class=\"p1\">In collaborazione con<\/h2>\n<p class=\"p1\"><b>Rete \u201cCampania tra le mani\u201d\u00a0<\/b>coordinatrici Maria Grazia Gargiulo e Carmela Pacelli (SAAD \u2013 Universit\u00e0 degli Studi Suor Orsola Benincasa)\u00a0<b>\u00a0\u00a0<\/b><\/p>\n<p class=\"p1\"><b>Scuola Italiana di Comix\u00a0<\/b>direttore Mario Punzo<\/p>\n<p class=\"p1\"><b>Unione Italiana dei Ciechi e degli Ipovedenti \u2013 Consiglio regionale della Campania\u00a0<\/b>presidente Vincenzo Massa<\/p>\n<p class=\"p1\"><b>Kaos Produzioni<\/b>\u00a0direttore artistico Stefano Gargiulo<\/p>\n<p class=\"p1\"><b>Napoli Opera House<\/b><\/p>\n<p class=\"p1\"><b>Rossi srl<\/b><\/p>\n<p>[\/vc_column_text][vc_column_text]<\/p>\n<p class=\"p1\"><i>Progetto realizzato con il supporto della Regione Campania D.G.12 &#8220;Politiche Culturali e Turismo&#8221;<br \/>\nUOD 01 &#8220;Promozione e Valorizzazione dei Musei e delle Biblioteche&#8221;<br \/>\n<\/i><span class=\"s1\">nell\u2019ambito della programmazione culturale del MeMUS \u201cIl Museo del Teatro di San Carlo: accessibilit\u00e0 e inclusione<\/span><\/p>\n<p>[\/vc_column_text][vc_single_image image=&#8221;927&#8243;][vc_row_inner equal_height=&#8221;yes&#8221; content_placement=&#8221;middle&#8221;][vc_column_inner width=&#8221;1\/2&#8243;][vc_single_image image=&#8221;1066&#8243; img_size=&#8221;medium&#8221;][\/vc_column_inner][vc_column_inner width=&#8221;1\/2&#8243;][vc_single_image image=&#8221;1070&#8243; img_size=&#8221;medium&#8221;][\/vc_column_inner][\/vc_row_inner][vc_single_image image=&#8221;1068&#8243; img_size=&#8221;full&#8221;][\/vc_column][\/vc_row]<\/p>\n<\/section>","protected":false},"excerpt":{"rendered":"<p>[vc_row data_bf_animate=&#8221;&#8221; bf_overlay_color=&#8221;&#8221; css=&#8221;.vc_custom_1683646012066{padding-top: 5% !important;padding-bottom: 5% !important;}&#8221;][vc_column width=&#8221;1\/2&#8243;][vc_column_text] Viaggio illustrato attraverso la musica per bambini di ogni et\u00e0 Testi di Giovanni Chianelli e Luca De Lorenzo Disegni di Michela Di Cecio [\/vc_column_text][\/vc_column][vc_column width=&#8221;1\/2&#8243;][vc_column_text] Premessa Il racconto illustrato\u00a0Ritorno all\u2019opera\u00a0si propone di favorire la divulgazione del teatro d\u2019opera tra i giovani, soprattutto in et\u00e0 scolare. Partendo &hellip; <a class=\"bf-link titles icon-arrow-right icon-arrow-right-primary\" href=\"https:\/\/preprod.teatrosancarlo.it\/en\/ritorno-allopera\/\">Read more<\/a><\/p>\n","protected":false},"author":4,"featured_media":1064,"parent":0,"menu_order":0,"comment_status":"closed","ping_status":"closed","template":"","meta":{"footnotes":""},"class_list":["post-1063","page","type-page","status-publish","has-post-thumbnail","hentry","categoria-pagina-multimedia"],"aioseo_notices":[],"acf":{"header_trasparente":true,"newsletter_footer":true,"next_events_widget":false,"news_widget":false,"video_widget":false,"video":null,"accesso":""},"_links":{"self":[{"href":"https:\/\/preprod.teatrosancarlo.it\/en\/wp-json\/wp\/v2\/pages\/1063","targetHints":{"allow":["GET"]}}],"collection":[{"href":"https:\/\/preprod.teatrosancarlo.it\/en\/wp-json\/wp\/v2\/pages"}],"about":[{"href":"https:\/\/preprod.teatrosancarlo.it\/en\/wp-json\/wp\/v2\/types\/page"}],"author":[{"embeddable":true,"href":"https:\/\/preprod.teatrosancarlo.it\/en\/wp-json\/wp\/v2\/users\/4"}],"replies":[{"embeddable":true,"href":"https:\/\/preprod.teatrosancarlo.it\/en\/wp-json\/wp\/v2\/comments?post=1063"}],"version-history":[{"count":8,"href":"https:\/\/preprod.teatrosancarlo.it\/en\/wp-json\/wp\/v2\/pages\/1063\/revisions"}],"predecessor-version":[{"id":2871,"href":"https:\/\/preprod.teatrosancarlo.it\/en\/wp-json\/wp\/v2\/pages\/1063\/revisions\/2871"}],"wp:featuredmedia":[{"embeddable":true,"href":"https:\/\/preprod.teatrosancarlo.it\/en\/wp-json\/wp\/v2\/media\/1064"}],"wp:attachment":[{"href":"https:\/\/preprod.teatrosancarlo.it\/en\/wp-json\/wp\/v2\/media?parent=1063"}],"wp:term":[{"taxonomy":"categoria-pagina","embeddable":true,"href":"https:\/\/preprod.teatrosancarlo.it\/en\/wp-json\/wp\/v2\/categoria-pagina?post=1063"}],"curies":[{"name":"wp","href":"https:\/\/api.w.org\/{rel}","templated":true}]}}