{"id":1405,"date":"2023-05-16T16:07:58","date_gmt":"2023-05-16T14:07:58","guid":{"rendered":"https:\/\/preprod.teatrosancarlo.it\/?page_id=1405"},"modified":"2023-06-23T14:25:20","modified_gmt":"2023-06-23T12:25:20","slug":"archivio","status":"publish","type":"page","link":"https:\/\/preprod.teatrosancarlo.it\/en\/amministrazione-trasparente\/archivio\/","title":{"rendered":"Archivio"},"content":{"rendered":"<p><strong>Programma\u00a0per la Trasparenza e l&#8217;Integrit\u00e0<br \/>\n<\/strong><a href=\"https:\/\/preprod.teatrosancarlo.it\/files\/amministrazione_trasparente_dadic15\/TSC_Programma_Triennale_della Trasparenza_e Integrita_2017_2019.pdf\" target=\"_blank\" rel=\"noopener\">Programma per la Trasparenza e l&#8217;Integrit\u00e0 2017 &#8211; 2019 (pdf)<br \/>\n<\/a><\/p>\n<p>&nbsp;<\/p>\n<p><strong>Relazione recante i risultati dell&#8217;attivit\u00e0 svolta e degli atti adottati in materia di vigilanza e controllo nell&#8217;anticorruzione (art. 1 c. 3 e c.14 l. 190\/2012)<br \/>\n<\/strong><a href=\"https:\/\/preprod.teatrosancarlo.it\/files\/amministrazione_trasparente_dadic15\/Scheda Relazione RPC 2016.pdf\" target=\"_blank\" rel=\"noopener\">Scheda per\u00a0 Relazione 2016 (pdf)<\/a><a href=\"https:\/\/preprod.teatrosancarlo.it\/files\/amministrazione_trasparente_dadic15\/Relazione 2015 Anticorruzione e Trasparenza v_1.pdf\" target=\"_blank\" rel=\"noopener\"><br \/>\n<\/a><br \/>\n&nbsp;<\/p>\n<p><strong>Nomina Responsabile per la Prevenzione della Corruzione<\/strong><\/p>\n<p><a href=\"https:\/\/preprod.teatrosancarlo.it\/files\/PDF\/Nomin_Responsabile_Prevenzione_corruzione.pdf\" target=\"_blank\" rel=\"noopener\">Determina del Sovrintendente n.86 del 22 ottobre 2015 <\/a>(pdf)<\/p>\n<p><a href=\"https:\/\/preprod.teatrosancarlo.it\/files\/amministrazione_trasparente\/Determinazione%20n%20110%20del%2030%20luglio%202016%20-%20Funzioni%20del%20Responsabile%20per%20la%20Prevenzione%20della%20Corruzione.pdf\"> Determinazione n.110 del 30 luglio 2016 <\/a>(pdf)<\/p>\n<p>&nbsp;<\/p>\n<p>&nbsp;<\/p>\n<p><strong>Piano di Prevenzione della Corruzione<\/strong><\/p>\n<p><a href=\"https:\/\/preprod.teatrosancarlo.it\/files\/PDF\/TSC_piano_prevenzione_corruzione.pdf\" target=\"_blank\" rel=\"noopener\">Piano di Prevenzione della Corruzione (pdf)<br \/>\n<\/a><a href=\"https:\/\/preprod.teatrosancarlo.it\/files\/amministrazione_trasparente_dadic15\/aggiornamento_piano_prevenzione_16.pdf\" target=\"_blank\" rel=\"noopener\">Aggiornamento Piano di Prevenzione della Corruzione &#8211; Gennaio 2016 (pdf)<\/a><\/p>\n<p>&nbsp;<\/p>\n<p><strong>Programma\u00a0per la Trasparenza e l&#8217;Integrit\u00e0<br \/>\n<\/strong><a href=\"https:\/\/preprod.teatrosancarlo.it\/files\/PDF\/DEFINITIVO_TSC_Trasparenza.pdf\" target=\"_blank\" rel=\"noopener\">Programma\u00a0per la Trasparenza e l&#8217;Integrit\u00e0\u00a0(pdf)<\/a><\/p>\n<p>&nbsp;<\/p>\n<p><strong>Relazione recante i risultati dell&#8217;attivit\u00e0 svolta e degli atti adottati in materia di vigilanza e controllo nell&#8217;anticorruzione (art. 1 c. 3 e c.14 l. 190\/2012)<br \/>\n<\/strong><a href=\"https:\/\/preprod.teatrosancarlo.it\/files\/amministrazione_trasparente_dadic15\/Relazione 2015 Anticorruzione e Trasparenza v_1.pdf\" target=\"_blank\" rel=\"noopener\">Testo Relazione 2015 (pdf)<\/a><\/p>\n","protected":false},"excerpt":{"rendered":"<p>Programma\u00a0per la Trasparenza e l&#8217;Integrit\u00e0 Programma per la Trasparenza e l&#8217;Integrit\u00e0 2017 &#8211; 2019 (pdf) &nbsp; Relazione recante i risultati dell&#8217;attivit\u00e0 svolta e degli atti adottati in materia di vigilanza e controllo nell&#8217;anticorruzione (art. 1 c. 3 e c.14 l. 190\/2012) Scheda per\u00a0 Relazione 2016 (pdf) &nbsp; Nomina Responsabile per la Prevenzione della Corruzione Determina &hellip; <a class=\"bf-link titles icon-arrow-right icon-arrow-right-primary\" href=\"https:\/\/preprod.teatrosancarlo.it\/en\/amministrazione-trasparente\/archivio\/\">Read more<\/a><\/p>\n","protected":false},"author":1,"featured_media":0,"parent":638,"menu_order":0,"comment_status":"closed","ping_status":"closed","template":"amministrazione.blade.php","meta":{"footnotes":""},"class_list":["post-1405","page","type-page","status-publish","hentry","categoria-pagina-amministrazione-trasparente","categoria-pagina-disposizioni-generali"],"aioseo_notices":[],"acf":{"header_trasparente":false,"newsletter_footer":false,"next_events_widget":false,"news_widget":false,"video_widget":false,"video":null,"accesso":""},"_links":{"self":[{"href":"https:\/\/preprod.teatrosancarlo.it\/en\/wp-json\/wp\/v2\/pages\/1405","targetHints":{"allow":["GET"]}}],"collection":[{"href":"https:\/\/preprod.teatrosancarlo.it\/en\/wp-json\/wp\/v2\/pages"}],"about":[{"href":"https:\/\/preprod.teatrosancarlo.it\/en\/wp-json\/wp\/v2\/types\/page"}],"author":[{"embeddable":true,"href":"https:\/\/preprod.teatrosancarlo.it\/en\/wp-json\/wp\/v2\/users\/1"}],"replies":[{"embeddable":true,"href":"https:\/\/preprod.teatrosancarlo.it\/en\/wp-json\/wp\/v2\/comments?post=1405"}],"version-history":[{"count":3,"href":"https:\/\/preprod.teatrosancarlo.it\/en\/wp-json\/wp\/v2\/pages\/1405\/revisions"}],"predecessor-version":[{"id":1530,"href":"https:\/\/preprod.teatrosancarlo.it\/en\/wp-json\/wp\/v2\/pages\/1405\/revisions\/1530"}],"up":[{"embeddable":true,"href":"https:\/\/preprod.teatrosancarlo.it\/en\/wp-json\/wp\/v2\/pages\/638"}],"wp:attachment":[{"href":"https:\/\/preprod.teatrosancarlo.it\/en\/wp-json\/wp\/v2\/media?parent=1405"}],"wp:term":[{"taxonomy":"categoria-pagina","embeddable":true,"href":"https:\/\/preprod.teatrosancarlo.it\/en\/wp-json\/wp\/v2\/categoria-pagina?post=1405"}],"curies":[{"name":"wp","href":"https:\/\/api.w.org\/{rel}","templated":true}]}}