{"id":2618,"date":"2023-05-08T16:44:24","date_gmt":"2023-05-08T14:44:24","guid":{"rendered":"https:\/\/preprod.teatrosancarlo.it\/school-of-ballet\/"},"modified":"2023-06-23T10:18:08","modified_gmt":"2023-06-23T08:18:08","slug":"school-of-ballet","status":"publish","type":"page","link":"https:\/\/preprod.teatrosancarlo.it\/en\/school-of-ballet\/","title":{"rendered":"School of ballet"},"content":{"rendered":"<section class=\"wpb-content-wrapper\"><p>[vc_row data_bf_animate=&#8221;&#8221; bf_overlay_color=&#8221;&#8221; css=&#8221;.vc_custom_1683557243156{padding-top: 5% !important;padding-bottom: 5% !important;}&#8221;][vc_column width=&#8221;1\/2&#8243;][vc_column_text]<\/p>\n<p class=\"p3\">La Scuola di ballo del Teatro di San Carlo di Napoli vanta di un primato: \u00e8 la prima Scuola d&#8217;Italia e una delle pi\u00f9 antiche d&#8217;Europa. Creata nel 1812, ha una storia che dura da pi\u00f9 di 200 anni; oltre ad essere &#8220;vivaio&#8221; che ha formato ballerini di altissimo livello professionale, in grado di inserirsi nelle pi\u00f9 apprezzate compagnie, in Italia e all\u2019estero. Grandi artisti, i quali hanno portato in tutto il mondo l&#8217;arte della danza Italiana. Nel Decennio francese -volendo rinforzare una tradizione che aveva visto a Napoli presenze artistiche significative come quelle di Sebastiano Gobbis e Gennaro Magri, ballerini di grande fama come Onorato Vigan\u00f2, Gaetano Vestris, Charles Le Picq, Gaetano Gioia -il governo di Gioacchino Murat istituisce la Reale Scuola di Ballo. \u00c8 l&#8217;anno di grazia 1812. La Scuola viene aggregata al San Carlo in un locale che deve procacciare l\u2019appaltatore dell\u2019impresa dei Reali Teatri, e viene suddivisa in tre sezioni: Scuola generale, affidata alla direzione del coreografo-ballerino Pierre Hus; due Scuole di Perfezione di ballo e pantomima, affidate rispettivamente ai primi ballerini Louis Stanislav Henry e Salvatore Taglioni, zio della celebre Maria. Grazie a questi tre artisti, la Scuola di ballo del San Carlo adotta un&#8217;impostazione alla \u2018francese\u2019. Alla fine della guerra, nel 1944, la prima ballerina della Scala, Bianca Gallizia, decise di accettare l\u2019invito di Pasquale Di Costanzo a ricostruire la Scuola di Ballo del San Carlo: cos\u00ec il teatro, oltre che riprendere con entusiasmo l\u2019attivit\u00e0 lirica e sinfonica, tornava ad essere un punto di riferimento importante per la danza in Italia. Dopo pi\u00f9 di cent\u2019anni, la Scuola &#8211; soppressa nel 1841 &#8211; tornava a vivere.<\/p>\n<p class=\"p3\">Nel 1812, sotto il regno di Gioacchino Murat, il compositore e ballerino Pietro Hus aveva raccolto la sfida lanciata dai governanti francesi e, insieme a Louis Stanislav Henry e Salvatore Taglioni (zio della celebre Maria), aveva dato vita a corsi per 32 ragazzi: 16 maschi e 16 femmine. Fu subito un grande successo, tanto che l\u2019anno dopo i francesi fondarono un\u2019accademia simile anche alla Scala di Milano. Ma fu con il ritorno dei Borbone sul trono delle Due Sicilie che la scuola sancarliana prese forma. Un regolamento molto rigido stabiliva che per essere ammessi i ragazzi dovevano avere un\u2019et\u00e0 tra i 7 e i 12 anni e un certificato di polizia che ne attestasse la moralit\u00e0. Insomma, entrare al San Carlo costituiva un titolo di merito: superato l\u2019esame di ammissione, gli alunni, per completare la loro educazione musicale, dovevano imparare a suonare il violino se maschi e, se femmine, addestrarsi al solfeggio. L\u2019allievo aveva diritto alla preferenza nella scrittura al San Carlo e, dopo sei mesi di esercizio, poteva anche partecipare agli spettacoli con una retribuzione che variava dai 2.640 ai 15.000 ducati l\u2019anno. Come dire: un futuro assicurato.<\/p>\n<p class=\"p3\">Altri tempi, altri scenari. Il 15 marzo del 1950, presente l\u2019allora sindaco di Napoli Domenico Moscati e il sovrintendente Di Costanzo, dopo lunghi preparativi Bianca Gallizia inaugurava la sua nuova Scuola. L\u2019affiancavano Milly Wanda Clerici (gi\u00e0 prima ballerina alla Scala) e un segretario coordinatore, Guido Graziosi. Subito furono messi in cantiere due corsi, uno regolare e l\u2019altro accelerato, entrambi completamente gratuiti. Per il programma regolare &#8211; otto anni di studio &#8211; furono ammessi allievi dagli 8 ai 12 anni, mentre il corso accelerato era destinato agli allievi tra i 13 e i 16 e durava solo 5 anni. Accanto allo studio della danza furono inserite materie complementari: repertorio del balletto, tecnica della danza moderna, danza di carattere, storia e teoria della musica, canto e solfeggio. In due anguste stanzette, al quinto piano del teatro, la Gallizia con i suoi allievi riusc\u00ec a formare un vero e proprio Corpo di Ballo e a portare in scena, in vent\u2019anni circa, ottanta balletti e una settantina di coreografie all\u2019interno di opere liriche.<\/p>\n<p class=\"p3\">Il metodo di studio era basato sulle teorie di Enrico Cecchetti e fu aggiornato nel 1967 con l\u2019inserimento della tecnica russa conosciuta con il nome della sua ideatrice, Agrippina Vaganova. Nel 1973, dopo pi\u00f9 di ventitr\u00e9 anni di attivit\u00e0 a Napoli, Bianca Gallizia lasci\u00f2 la direzione della Scuola alla sua pi\u00f9 stretta collaboratrice, Milly Wanda Clerici. Nel non facile periodo che segu\u00ec si alternarono alla guida dell\u2019accademia di danza Tony Ferrante, Zarko Prebil, Giuliana Pensi. Successivamente, dal 1990 al 2015, la Scuola \u00e8 passata alla direzione di Anna Razzi. Romana, di origini partenopee, diplomata alla Scuola dell\u2019Opera, la Razzi \u00e8 stata prima ballerina e \u00e9toile alla Scala fino al 1985, danzando con Nureyev, Bortoluzzi, Schauffus, Petit, Dupont. Dopo pi\u00f9 di venticinque anni, la Direzione della Scuola di Ballo \u00e8 stata affidata dall\u2019ottobre del 2015 a St\u00e9phane Fournial, Cavaliere delle Arti e delle Lettere titolo conferito dal Ministro della Cultura Francese Fr\u00e9d\u00e9ric Mitterrand e Cavaliere nell\u2019Ordine del Merito conferito dal Presidente della Repubblica Francese Emanuel Macron, apprezzato per le innumerevoli esperienze internazionali.<\/p>\n<p class=\"p3\">\u00a0La Scuola insegna, non solo danza classica, ma anche materie complementari quali Solfeggio, Storia della Danza, Danza di carattere, Danza Contemporanea, Repertorio e\u00a0<span class=\"s1\"><i>Pas de deux<\/i><\/span>, con un\u00a0<span class=\"s1\"><i>team\u00a0<\/i><\/span>altamente qualificato.<\/p>\n<p>[\/vc_column_text][\/vc_column][vc_column width=&#8221;1\/2&#8243;][vc_column_text]<\/p>\n<p class=\"p2\">Pubblicato il: 9 settembre 2022<\/p>\n<p class=\"p4\"><span class=\"s2\"><a href=\"https:\/\/preprod.teatrosancarlo.it\/files\/Scuola_di_Ballo_2022\/propedeutico\/REGOLAMENTO_scuola_di_ballo_SETTEMBRE_2022_signed_Fournial.pdf\">Regolamento Scuola di Ballo &#8211; corsi propedeutici al triennio accademico (pdf)<\/a><\/span><\/p>\n<p class=\"p3\">Pubblicato il: 8 febbraio 2023 e aggiornato il 14 febbraio 2023<\/p>\n<p class=\"p5\"><b>BANDO DI AMMISSIONE ALL\u2019 ANNO ACCADEMICO 2023\/2024 CORSO TRIENNALE DI DIPLOMA ACCADEMICO IN DANZA CLASSICA DELLA SCUOLA DI BALLO DELLA FONDAZIONE TEATRO DI SAN CARLO\u00a0<\/b><\/p>\n<p class=\"p4\"><a href=\"https:\/\/preprod.teatrosancarlo.it\/files\/amministrazione_trasparente\/aggiornamenti_2023\/scuola_di_ballo\/BANDO_DI_AMMISSIONE_ALL__ANNO_ACCADEMICO_20232024_CORSO_TRIENNALE_.pdf\">Bando (pdf)<\/a><\/p>\n<p class=\"p4\"><a href=\"https:\/\/preprod.teatrosancarlo.it\/files\/amministrazione_trasparente\/aggiornamenti_2023\/scuola_di_ballo\/FAC_SIMILE_MODELLO_DI_DOMANDA_PER_CorsiTriennali_2023-2024.pdf\">Domanda di partecipazione (pdf)<\/a><\/p>\n<p class=\"p4\"><a href=\"https:\/\/preprod.teatrosancarlo.it\/files\/amministrazione_trasparente\/aggiornamenti_2023\/scuola_di_ballo\/RETTIFICA_IBAN_SCUOLA_DANZA.pdf\">Avviso di Rettifica IBAN (pdf)<\/a><\/p>\n<p class=\"p3\">Pubblicato il: 8 febbraio 2023\u00a0e aggiornato il 14 febbraio 2023<\/p>\n<p class=\"p5\"><b>AMMISSIONE AI CORSI PROPEDEUTICI AL DIPLOMA ACCADEMICO IN DANZA CLASSICA SCUOLA DI BALLO<\/b><\/p>\n<p class=\"p4\"><span class=\"s2\"><a href=\"https:\/\/preprod.teatrosancarlo.it\/files\/amministrazione_trasparente\/aggiornamenti_2023\/scuola_di_ballo\/AMMISSIONE_AI_CORSI_PROPEDEUTICI_AL_DIPLOMA_ACCADEMICO_IN_DANZA_CLASSICA_SCUOLA_DI_BALLO_20232024.pdf\">Bando (pdf)<\/a><\/span><\/p>\n<p class=\"p4\"><span class=\"s2\"><a href=\"https:\/\/preprod.teatrosancarlo.it\/files\/amministrazione_trasparente\/aggiornamenti_2023\/scuola_di_ballo\/MODELLO_DI_DOMANDA_PropedeuticiR_2023-2024.pdf\">Domanda di ammissione (pdf)<\/a><\/span><\/p>\n<p class=\"p4\"><span class=\"s2\"><a href=\"https:\/\/preprod.teatrosancarlo.it\/files\/amministrazione_trasparente\/aggiornamenti_2023\/scuola_di_ballo\/RETTIFICA_IBAN_SCUOLA_DANZA.pdf\">Avviso di Rettifica IBAN (pdf)<\/a><\/span><\/p>\n<p class=\"p2\">Pubblicato il: 31 maggio 2022 e aggiornato il 3 giugno 2022 e aggiornato il 7 settembre 2022 e aggionrato il 14 settembre 2022\u00a0e aggiornato il 22 ottobre 2022 e aggiornato il 7 novembre 2022<\/p>\n<p class=\"p1\"><b>PROCEDURA\u00a0 SELETTIVA PER CURRICULA E PROVA TECNICA PER LA FORMAZIONE\u00a0DI UNA GRADUATORIA RELATIVA AL PROFILO PROFESSIONALE DI DOCENTE PER LA\u00a0SCUOLA DI BALLO DELLA FONDAZIONE TEATRO DI SAN CARLO<br \/>\nAnno accademico 2022\/2023<\/b><\/p>\n<p class=\"p4\"><span class=\"s2\"><a href=\"https:\/\/preprod.teatrosancarlo.it\/files\/amministrazione_trasparente_dadic15\/2022\/BANDO_DOCENTI_SCUOLA_BALLO_2022-signed.pdf\">Bando (pdf)<\/a><\/span><\/p>\n<p class=\"p4\"><span class=\"s2\"><a href=\"https:\/\/preprod.teatrosancarlo.it\/files\/Scuola_di_Ballo_2022\/triennale\/ALLEGATO_A_-_MODULO_PARTECIPAZIONE_AVVISO_DI_SELEZIONE_docenti_2022-23.pdf\">Domanda di partecipazione (pdf)<\/a><\/span><\/p>\n<p class=\"p4\"><span class=\"s2\"><a href=\"https:\/\/preprod.teatrosancarlo.it\/files\/Scuola_di_Ballo_2022\/triennale\/allegato_CV.pdf\">CV_modello (pdf)<\/a><\/span><\/p>\n<p class=\"p6\"><span class=\"s2\"><a href=\"https:\/\/preprod.teatrosancarlo.it\/files\/Scuola_di_Ballo_2022\/triennale\/Elenco_convocati_prova_tecnica__-_procedura_selettiva_formazione_graduatoria_Scuola_Ballo.pdf\">Elenco convocati prova tecnica ADTI\/01 &#8211; ADTI\/02 &#8211; ADES\/02 &#8211; ADTC\/01 (pdf)<\/a><\/span><\/p>\n<p class=\"p6\"><span class=\"s2\"><a href=\"https:\/\/preprod.teatrosancarlo.it\/files\/Scuola_di_Ballo_2022\/triennale\/AVVISO_ESITO_proc._DOCENTI_SCUOLA_DI_BALLO_TRIENNIO_finale.pdf\">Esito (pdf)<\/a><\/span><\/p>\n<p class=\"p6\"><span class=\"s2\"><a href=\"https:\/\/preprod.teatrosancarlo.it\/files\/Scuola_di_Ballo_2022\/triennale\/elenco_candidati_ammessi_alla_prova_pratica_docenti_scuola_ballo.pdf\">Elenco convocati prova tecnica \u2013 oggettiva attitudinale ADES\/03 &#8211; ADTM\/01 &#8211; ADTS\/01 &#8211; ADTS\/03 &#8211; ADTS\/05 &#8211; ADTS\/06\u00a0 &#8211; ADTS\/04 (pdf)<\/a><\/span><\/p>\n<p class=\"p6\"><span class=\"s2\"><a href=\"https:\/\/preprod.teatrosancarlo.it\/files\/amministrazione_trasparente\/aggiornamenti_2021-22\/bandi_esterni\/esito_3_novembre.pdf\">Esito (pdf)<\/a><\/span><\/p>\n<p class=\"p3\">Pubblicato il: 26 maggio 2022<\/p>\n<p class=\"p5\"><b>Bando di ammissione all&#8217;Anno Accademico 2022\/2023 Corso triennale di diploma Accademico in Danza Classica della Scuola di Ballo della Fondazione Teatro di San Carlo.<\/b><\/p>\n<p class=\"p6\"><span class=\"s2\"><a href=\"https:\/\/preprod.teatrosancarlo.it\/files\/Scuola_di_Ballo_2022\/triennale\/BANDO_TRIENNIO_ACCADEMICO_2022-2023_def.pdf\">Bando (Pdf)<\/a><\/span><\/p>\n<p class=\"p6\"><span class=\"s2\"><a href=\"https:\/\/preprod.teatrosancarlo.it\/files\/Scuola_di_Ballo_2022\/triennale\/MODELLO_DI_DOMANDA_2022-2023.pdf\">Domanda di partecipazione (pdf)<\/a><\/span><\/p>\n<p class=\"p3\">Pubblicato il: 2 marzo 2022 e aggiornato il 27 aprile 2022<\/p>\n<p class=\"p1\"><b>Bando Ammissione ai corsi propedeutici della Scuola di Ballo a.a. 2022\/23<\/b><\/p>\n<p class=\"p4\"><span class=\"s2\"><a href=\"https:\/\/preprod.teatrosancarlo.it\/files\/Scuola_di_Ballo_2022\/1-AMMISSIONE_ALLA_SCUOLA_DI_BALLO_20222023_2.pdf\">Bando (pdf)<\/a><\/span><\/p>\n<p class=\"p4\"><span class=\"s2\"><a href=\"https:\/\/preprod.teatrosancarlo.it\/files\/Scuola_di_Ballo_2022\/MODELLO_DI_DOMANDA_PER_2022-2023.pdf\">Domanda di partecipazione (pdf)<\/a><\/span><\/p>\n<p class=\"p4\"><span class=\"s2\"><a href=\"https:\/\/preprod.teatrosancarlo.it\/files\/Scuola_di_Ballo_2022\/Date_Audizioni_Scuola_di_Ballo.pdf\">Calendario esami (pdf)<\/a><\/span><\/p>\n<p class=\"p9\"><b>Selezione Pubblica per titoli per formazione di graduatorie d&#8217;istituto di aspiranti alla costituzione di rapporti di lavoro a tempo determinato\u00a0<\/b><\/p>\n<p><a href=\"..\/..\/files\/amministrazione_trasparente\/bando_docenti_scuola_di_ballo\/Bozza_bando_procedura_selettiva_docenti_TSC_2.pdf\">Bando (pdf)<\/a><\/p>\n<p><a href=\"..\/..\/files\/amministrazione_trasparente\/bando_docenti_scuola_di_ballo\/ALLEGATO_A_-_MODULO_PARTECIPAZIONE_AVVISO_DI_SELEZIONE_docenti_2021-22.pdf\">Modulo di partecipazione (Allegato A) (pdf)<\/a><\/p>\n<p><a href=\"..\/..\/files\/amministrazione_trasparente_dadic15\/2021\/allegato_CV_cittadinidelfuturo.pdf\" target=\"_blank\" rel=\"noopener\">Modello cv da presentare<\/a>\u00a0(pdf)<\/p>\n<p><a href=\"..\/..\/files\/amministrazione_trasparente\/bando_docenti_scuola_di_ballo\/Proroga-selezione_docenti.pdf\">Avviso di Proroga (pdf)<\/a><\/p>\n<p>Nota: l&#8217;indirizzo Pec corretto cui inviare le candidature (art. 4 del bando) \u00e8\u00a0<a href=\"mailto:areapersonale@pec.teatrosancarlo.it\">areapersonale@pec.teatrosancarlo.it<\/a><\/p>\n<p><a href=\"..\/..\/files\/amministrazione_trasparente_dadic15\/2021\/graduatoria_anno_accademico_2021_2022.pdf\" target=\"_blank\" rel=\"noopener\">Graduatoria provvisoria anno accademico 2021\/22 (pdf)<\/a><\/p>\n<p><a href=\"..\/..\/files\/amministrazione_trasparente\/Determina_n._107_del_2_novembre_2021_bando_docenti_TSC.pdf\">Determina n.107 del 2 novembre 2021 &#8211; graduatoria finale di idoneit\u00e0 (pdf)<\/a>[\/vc_column_text][\/vc_column][\/vc_row]<\/p>\n<\/section>","protected":false},"excerpt":{"rendered":"<p>[vc_row data_bf_animate=&#8221;&#8221; bf_overlay_color=&#8221;&#8221; css=&#8221;.vc_custom_1683557243156{padding-top: 5% !important;padding-bottom: 5% !important;}&#8221;][vc_column width=&#8221;1\/2&#8243;][vc_column_text] La Scuola di ballo del Teatro di San Carlo di Napoli vanta di un primato: \u00e8 la prima Scuola d&#8217;Italia e una delle pi\u00f9 antiche d&#8217;Europa. Creata nel 1812, ha una storia che dura da pi\u00f9 di 200 anni; oltre ad essere &#8220;vivaio&#8221; che ha formato &hellip; <a class=\"bf-link titles icon-arrow-right icon-arrow-right-primary\" href=\"https:\/\/preprod.teatrosancarlo.it\/en\/school-of-ballet\/\">Read more<\/a><\/p>\n","protected":false},"author":4,"featured_media":0,"parent":0,"menu_order":0,"comment_status":"closed","ping_status":"closed","template":"","meta":{"footnotes":""},"class_list":["post-2618","page","type-page","status-publish","hentry","categoria-pagina-il-san-carlo"],"aioseo_notices":[],"acf":{"header_trasparente":true,"newsletter_footer":false,"next_events_widget":false,"news_widget":false,"video_widget":false,"video":null,"accesso":[]},"_links":{"self":[{"href":"https:\/\/preprod.teatrosancarlo.it\/en\/wp-json\/wp\/v2\/pages\/2618","targetHints":{"allow":["GET"]}}],"collection":[{"href":"https:\/\/preprod.teatrosancarlo.it\/en\/wp-json\/wp\/v2\/pages"}],"about":[{"href":"https:\/\/preprod.teatrosancarlo.it\/en\/wp-json\/wp\/v2\/types\/page"}],"author":[{"embeddable":true,"href":"https:\/\/preprod.teatrosancarlo.it\/en\/wp-json\/wp\/v2\/users\/4"}],"replies":[{"embeddable":true,"href":"https:\/\/preprod.teatrosancarlo.it\/en\/wp-json\/wp\/v2\/comments?post=2618"}],"version-history":[{"count":2,"href":"https:\/\/preprod.teatrosancarlo.it\/en\/wp-json\/wp\/v2\/pages\/2618\/revisions"}],"predecessor-version":[{"id":2620,"href":"https:\/\/preprod.teatrosancarlo.it\/en\/wp-json\/wp\/v2\/pages\/2618\/revisions\/2620"}],"wp:attachment":[{"href":"https:\/\/preprod.teatrosancarlo.it\/en\/wp-json\/wp\/v2\/media?parent=2618"}],"wp:term":[{"taxonomy":"categoria-pagina","embeddable":true,"href":"https:\/\/preprod.teatrosancarlo.it\/en\/wp-json\/wp\/v2\/categoria-pagina?post=2618"}],"curies":[{"name":"wp","href":"https:\/\/api.w.org\/{rel}","templated":true}]}}