{"id":2624,"date":"2023-05-08T16:48:58","date_gmt":"2023-05-08T14:48:58","guid":{"rendered":"https:\/\/preprod.teatrosancarlo.it\/children-chorus\/"},"modified":"2023-06-23T10:29:52","modified_gmt":"2023-06-23T08:29:52","slug":"children-chorus","status":"publish","type":"page","link":"https:\/\/preprod.teatrosancarlo.it\/en\/children-chorus\/","title":{"rendered":"Children chorus"},"content":{"rendered":"<section class=\"wpb-content-wrapper\"><p>[vc_row data_bf_animate=&#8221;&#8221; bf_overlay_color=&#8221;&#8221; css=&#8221;.vc_custom_1683557413146{padding-top: 5% !important;padding-bottom: 5% !important;}&#8221;][vc_column width=&#8221;1\/2&#8243;][vc_column_text]<\/p>\n<p class=\"p2\">Il Coro di Voci Bianche del Teatro di San Carlo di Napoli \u00e8 nato nel marzo del 2004 quale fulcro di un progetto educativo rivolto alle generazioni pi\u00f9 giovani.<\/p>\n<p class=\"p2\">Tra gli obiettivi quello di sviluppare ulteriormente il ruolo di referente culturale del Teatro nei confronti del tessuto cittadino attraverso un coinvolgimento diretto dei giovani, ai quali offrire l\u2019opportunit\u00e0 di trasformarsi da fruitori di spettacoli, in veri e propri protagonisti.<\/p>\n<p class=\"p2\">Grazie all\u2019attivit\u00e0 del coro, non solo i coristi ma anche le loro famiglie, hanno avuto modo di avvicinarsi ad un&#8217;istituzione (il Teatro lirico) talvolta, completamente sconosciuta, ma che ha in se, per sua natura, la valenza di propulsore privilegiato di valori non solo culturali ed artistici ma anche sociali.<\/p>\n<p class=\"p2\">Crescere con la musica \u00e8 dunque per i cantori del Coro delle Voci Bianche del teatro di San Carlo una realt\u00e0 quotidiana: nel corso di questi anni , centinaia di ragazze e ragazzi di varie et\u00e0, hanno avuto l\u2019opportunit\u00e0 di approfondire le proprie competenze musicali, di scoprire in se il talento, di vivere l\u2019esperienza di montare un allestimento lirico-sinfonico, di esibirsi al fianco di famosi interpreti, suscitando l\u2019interesse della citt\u00e0, della critica e del\u00a0pubblico.<\/p>\n<p class=\"p2\">Tra le produzioni pi\u00f9 importanti a cui ha partecipato il coro ricordiamo il Socrate Immaginario di Paisiello\/ De Simone al Teatro alla Scala di Milano (2007), brani dal \u00a0Mefistofele di Boito in collaborazione con l&#8217;Accademia Nazionale di\u00a0 Santa Cecilia di Roma (2009), L\u2019Oratorio Mysterium di Rota per il festival Internazionale di Musica e Arte Sacra (2014)Roma e Vaticano e negli anni: Boheme di Puccini Arena Flegrea e Teatro San Carlo di Napoli (2004\/2012\/2015),Dama di Picche di Cajkovskij(2005), Dante symphony\/Listz (2006) Bari e Teatro San Carlo, Otello di Verdi (2006\/2014),DVD in Collaborazione con Rai Educational- Era de Maggio-di De Simone(2006),\u00a0 Carmen di Bizet Terme di Baia (2007),Parsifal di Wagner (2007), Werther di Massenet (2007), L\u2019enfant et le sortilege di Ravel(2008),Robinson di Boccadoro (2008),Turandot di Puccini (2008\/2015),La Damnation de Faust di Berlioz (2009), Collaborazione Conservatorio di Berna per il MozartBox di Portici (2009), Carmina Burana e Tosca di Puccini-Teatro grande di Pompei (2010), Anima di Ferri (2010), Carmina Burana -Teatro Grande di Pompei (2010),\u00a0 Al lupo al lupo di Panariello(2010\/2011\/2012\/2014), Napucalisse di Battistelli\/ Borrelli (2010), Pergolesi in Olimpiade di De Simone (2011),Chi rap\u00ec la topina Costanza di Vacca (2011), Requiem per Pasolini di De Simone (2012), European (2012) in collaborazione con il Teatro Festival di Napoli, Dieci storie proprio cosi di Giordano\/di Pofi (2012), Il Piccolo Spazzacamino di Britten (2006\/2007\/2014), Rai di Napoli e Festival Internazionale di Ravello, Pagliacci di Leoncavallo, Mahler Sinfonia n 3 (2007\/2015) etc..<\/p>\n<p class=\"p2\">Il coro \u00e8 stato diretto tra l\u2019altro da: Tate, Mehta, Pappano, Santi, Inbal, Luisotti, Guingal, Mianiti, Rinaldi, Battistoni, Webb, Axelrod, Valcuha, Bernacer, Ranzani, Ceccherini, Fogliani \u2026Tra i giovani talenti passati nelle fila del coro di voci bianche ricordiamo Lele (vincitore Sanremo Giovani 2017), Luigi Catani (attore : La criptonite nella borsa 2011), Vincenzo Costanzo (tenore Madama Butterfly, La Rondine, Macbeth etc..), etc\u2026<\/p>\n<p class=\"p2\">Il coro partecipa attivamente non solo alla Stagione Operistica, a quella Sinfonica e a quella giovanile ma ha anche ad una propria intensa attivit\u00e0 concertistica legata alle attivit\u00e0 sociali, di promozione e beneficenza, organizzate dal teatro nonch\u00e9 una funzione di talent scout che consente ai giovani promettenti di trovare un percorso di studio e di lavoro vicini alla propria sensibilit\u00e0 artistica.<\/p>\n<p class=\"p2\">Gli spettacoli del coro sono frequentemente\u00a0 registrati e trasmessi con diffusione nazionale da RadioRai, Rai Radio televisione Italiana, sky classica, antenne 2 , france etc&#8230; La direzione del Coro e del Laboratorio \u00e9 affidato sin dalla sua fondazione a\u00a0<span class=\"s1\"><b><i>Stefania Rinaldi.<\/i><\/b><\/span><\/p>\n<p>[\/vc_column_text][\/vc_column][vc_column width=&#8221;1\/2&#8243;][vc_column_text]<\/p>\n<h2 class=\"p3\"><span class=\"s1\">Organigramma delle risorse umane<\/span><\/h2>\n<p class=\"p3\">Stefania Rinaldi\u00a0 direttore e concertatore del coro<br \/>\nLuigi Del Prete, assistente alla direzione \/ pianista \/ compositore<br \/>\nFilomena Piccolo, assistente al coro \/responsabile \u00a0 propedeutica\/ coordinamento<\/p>\n<h2 class=\"p3\"><span class=\"s1\">Contatti<\/span><\/h2>\n<p class=\"p3\">direzione coro di voci bianche:\u00a0<a href=\"mailto:s.rinaldi@preprod.teatrosancarlo.it\"><span class=\"s2\">s.rinaldi@preprod.teatrosancarlo.it<\/span><\/a><\/p>\n<p class=\"p4\"><span class=\"s3\">propedeutica:\u00a0<a href=\"mailto:f.piccolo@preprod.teatrosancarlo.it\"><span class=\"s2\">f.piccolo@preprod.teatrosancarlo.it<\/span><\/a><br \/>\nsegreteria:\u00a0<a href=\"mailto:vocibianche@preprod.teatrosancarlo.it\"><span class=\"s4\">vocibianche@preprod.teatrosancarlo.it<\/span><\/a><\/span><\/p>\n<p class=\"p5\"><i>Pubblicato il: 26 marzo 2022<\/i><\/p>\n<p class=\"p3\"><span class=\"s5\"><a href=\"https:\/\/preprod.teatrosancarlo.it\/files\/amministrazione_trasparente\/Bando_Coro_Voci_Bianche_2022\/bando_coro_voci_bianche_2022.23.pdf\">Bando e domanda partecipazione Coro di Voci Bianche 2022\/23 (pdf)<\/a><\/span><\/p>\n<p class=\"p3\"><span class=\"s2\"><a href=\"https:\/\/preprod.teatrosancarlo.it\/files\/Programma_di_Studio_Scuola___Coro__di_Voci_bianche_del_Teatro_di_San_Carlo__1_.pdf\">Programma di Studio Scuola Coro Voci Bianche<\/a><\/span><\/p>\n<p class=\"p7\"><span class=\"s3\"><a href=\"https:\/\/preprod.teatrosancarlo.it\/files\/amministrazione_trasparente\/REGOLAMENTO_VOCI_BIANCHE__2018.pdf\"><span class=\"s2\">Regolamento (pdf)<\/span><\/a><\/span><\/p>\n<p class=\"p3\"><em>Pubblicato il: 30 ottobre 2020<\/em><\/p>\n<p class=\"p7\"><span class=\"s1\"><b>Determina del Sovrintendente n.38 del 30 ottobre 2020 &#8211; Didattica a distanza\u00a0Scuola di Ballo e Laboratorio del Coro di Voci Bianche<\/b><\/span><span class=\"s7\"><b><br \/>\n<\/b><a href=\"https:\/\/preprod.teatrosancarlo.it\/files\/amministrazione_trasparente\/DETERMINA_N._38_del_30_ottobre_2020_.pdf\"><span class=\"s8\">Determina n.38 del 30 ottobre 2020<\/span><\/a><\/span><\/p>\n<p class=\"p3\"><em>Pubblicato il: 16 ottobre 2020<\/em><\/p>\n<p class=\"p7\"><span class=\"s1\"><b>Determina n.35 del Sovrintendente del 16 ottobre 2020 &#8211;\u00a0Sospensione attivit\u00e0 tecnico didattiche\u00a0Scuola di Ballo e Laboratorio del Coro di Voci Bianche<br \/>\n<\/b><a href=\"https:\/\/preprod.teatrosancarlo.it\/files\/amministrazione_trasparente\/DETERMINA_N._35_del_16_ottobre_2020.pdf\"><span class=\"s8\">Determina del Sovrintendente n.35 del 16 ottobre 2020<\/span><\/a><\/span><\/p>\n<p class=\"p2\"><em>Pubblicato il:\u00a025 settembre 2020<\/em><\/p>\n<p class=\"p3\"><span class=\"s10\"><b>Determina n.32\u00a0del Sovrintendente del\u00a023 settembre 2020 &#8211; Laboratorio del Coro di Voci Bianche<br \/>\n<\/b><a href=\"https:\/\/preprod.teatrosancarlo.it\/files\/amministrazione_trasparente\/Covid\/DETERMINA_N._32_del_23_settembre_2020.pdf\"><span class=\"s8\">Determina del Sovrintendente n.32 del 23 settembre 2020<\/span><\/a><\/span><\/p>\n<p class=\"p2\"><em>Pubblicato il: 21 marzo 2020<\/em><\/p>\n<p class=\"p3\"><span class=\"s10\"><b>Avviso del Sovrintendente del 21 marzo 2020 &#8211; Scuola di Ballo e Laboratorio del Coro di Voci Bianche<br \/>\n<\/b><a href=\"https:\/\/preprod.teatrosancarlo.it\/files\/amministrazione_trasparente_dadic15\/Scuolaballo_vocibianche_21marzo2020.pdf\"><span class=\"s8\">Avviso del Sovrintendente del 21 marzo 2020<\/span><\/a><\/span><\/p>\n<p class=\"p3\"><em>Pubblicato il: 17 marzo 2020<\/em><\/p>\n<p class=\"p3\"><span class=\"s10\"><b>Avviso del Sovrintendente del 17 marzo 2020 &#8211; Scuola di Ballo e Laboratorio del Coro di Voci Bianche<\/b><\/span><span class=\"s1\"><b><br \/>\n<\/b><a href=\"https:\/\/preprod.teatrosancarlo.it\/files\/amministrazione_trasparente_dadic15\/AVVISO_SCUOLA_BALLO_E_LABORATORIO_VOCI_BIANCHE.pdf\"><span class=\"s8\">Avviso del Sovrintendente del 17 marzo 2020<\/span><\/a><\/span><\/p>\n<h2 class=\"p2\">Bandi Archiviati<\/h2>\n<p class=\"p9\"><i>Pubblicati in: 8 maggio 2019, aggiornamento 1 luglio 2019, aggiornamento 17 settembre 2019, aggiornamento 22 novembre 2019<\/i><\/p>\n<p class=\"p10\"><span class=\"s11\"><a href=\"https:\/\/preprod.teatrosancarlo.it\/files\/amministrazione_trasparente\/Bando_Coro.pdf\">Bando Coro di Voci Bianche 2019\/20 (pdf)<\/a><\/span><span class=\"s3\"><br \/>\n<\/span><\/p>\n<p class=\"p11\"><span class=\"s13\"><a href=\"https:\/\/preprod.teatrosancarlo.it\/files\/SCAN0440.pdf\">Modulo di ammissione Coro di Voci Bianche (pdf)<\/a><\/span><\/p>\n<p class=\"p3\"><span class=\"s11\"><a href=\"https:\/\/preprod.teatrosancarlo.it\/files\/amministrazione_trasparente\/Voci_bianche2019-2020.pdf\">Elenco idonei (pdf)<\/a><\/span><\/p>\n<p class=\"p3\"><span class=\"s2\"><a href=\"https:\/\/preprod.teatrosancarlo.it\/files\/amministrazione_trasparente\/Bando_Voci_Bianche.pdf\">Bando per Borse di Studio 2019\/2020 Coro di Voci Bianche (pdf)<\/a><\/span><\/p>\n<p class=\"p3\"><span class=\"s2\"><a href=\"https:\/\/preprod.teatrosancarlo.it\/files\/amministrazione_trasparente\/Modello_di_domanda_BORSE_DI_STUDIO_VOCI_BIANCHE_2019-20.pdf\">Modello di domanda audizione Borse di Studio 2019\/2020 (pdf)<\/a><\/span><span class=\"s6\"> \u00a0<\/span><\/p>\n<p class=\"p11\"><span class=\"s13\"><a href=\"https:\/\/preprod.teatrosancarlo.it\/files\/amministrazione_trasparente\/Bando_Propedeutica.pdf\">Bando Propedeutica 2019\/20 (pdf)<\/a><\/span><\/p>\n<p class=\"p10\"><span class=\"s2\"><a href=\"https:\/\/preprod.teatrosancarlo.it\/files\/Bando_Ammissioni_Propedeutica_CVB_2019_2020.pdf\">Proroga Bando Propedeutica 2019\/20 (pdf)<\/a><\/span><\/p>\n<p class=\"p3\"><span class=\"s2\"><a href=\"https:\/\/preprod.teatrosancarlo.it\/files\/MODELLO_DI_DOMANDA_AMMISSIONE_BANDO_PROPEDEUTICA_2019-20.pdf\">Modulo di ammissione Propedeutica (pdf)<\/a><\/span><\/p>\n<p>[\/vc_column_text][\/vc_column][\/vc_row]<\/p>\n<\/section>","protected":false},"excerpt":{"rendered":"<p>[vc_row data_bf_animate=&#8221;&#8221; bf_overlay_color=&#8221;&#8221; css=&#8221;.vc_custom_1683557413146{padding-top: 5% !important;padding-bottom: 5% !important;}&#8221;][vc_column width=&#8221;1\/2&#8243;][vc_column_text] Il Coro di Voci Bianche del Teatro di San Carlo di Napoli \u00e8 nato nel marzo del 2004 quale fulcro di un progetto educativo rivolto alle generazioni pi\u00f9 giovani. Tra gli obiettivi quello di sviluppare ulteriormente il ruolo di referente culturale del Teatro nei confronti del &hellip; <a class=\"bf-link titles icon-arrow-right icon-arrow-right-primary\" href=\"https:\/\/preprod.teatrosancarlo.it\/en\/children-chorus\/\">Read more<\/a><\/p>\n","protected":false},"author":4,"featured_media":743,"parent":0,"menu_order":0,"comment_status":"closed","ping_status":"closed","template":"","meta":{"footnotes":""},"class_list":["post-2624","page","type-page","status-publish","has-post-thumbnail","hentry","categoria-pagina-il-san-carlo"],"aioseo_notices":[],"acf":{"header_trasparente":true,"newsletter_footer":false,"next_events_widget":false,"news_widget":false,"video_widget":false,"video":null,"accesso":[]},"_links":{"self":[{"href":"https:\/\/preprod.teatrosancarlo.it\/en\/wp-json\/wp\/v2\/pages\/2624","targetHints":{"allow":["GET"]}}],"collection":[{"href":"https:\/\/preprod.teatrosancarlo.it\/en\/wp-json\/wp\/v2\/pages"}],"about":[{"href":"https:\/\/preprod.teatrosancarlo.it\/en\/wp-json\/wp\/v2\/types\/page"}],"author":[{"embeddable":true,"href":"https:\/\/preprod.teatrosancarlo.it\/en\/wp-json\/wp\/v2\/users\/4"}],"replies":[{"embeddable":true,"href":"https:\/\/preprod.teatrosancarlo.it\/en\/wp-json\/wp\/v2\/comments?post=2624"}],"version-history":[{"count":2,"href":"https:\/\/preprod.teatrosancarlo.it\/en\/wp-json\/wp\/v2\/pages\/2624\/revisions"}],"predecessor-version":[{"id":2626,"href":"https:\/\/preprod.teatrosancarlo.it\/en\/wp-json\/wp\/v2\/pages\/2624\/revisions\/2626"}],"wp:featuredmedia":[{"embeddable":true,"href":"https:\/\/preprod.teatrosancarlo.it\/en\/wp-json\/wp\/v2\/media\/743"}],"wp:attachment":[{"href":"https:\/\/preprod.teatrosancarlo.it\/en\/wp-json\/wp\/v2\/media?parent=2624"}],"wp:term":[{"taxonomy":"categoria-pagina","embeddable":true,"href":"https:\/\/preprod.teatrosancarlo.it\/en\/wp-json\/wp\/v2\/categoria-pagina?post=2624"}],"curies":[{"name":"wp","href":"https:\/\/api.w.org\/{rel}","templated":true}]}}