{"id":2743,"date":"2023-05-15T11:48:17","date_gmt":"2023-05-15T09:48:17","guid":{"rendered":"https:\/\/preprod.teatrosancarlo.it\/educational\/formazione-e-laboratori\/laboratori-artistici-di-vigliena\/"},"modified":"2023-06-27T15:37:56","modified_gmt":"2023-06-27T13:37:56","slug":"laboratori-artistici-di-vigliena","status":"publish","type":"page","link":"https:\/\/preprod.teatrosancarlo.it\/en\/educational\/formazione-e-laboratori\/laboratori-artistici-di-vigliena\/","title":{"rendered":"Laboratori Artistici di Vigliena"},"content":{"rendered":"<section class=\"wpb-content-wrapper\"><p>[vc_row data_bf_animate=&#8221;&#8221; bf_overlay_color=&#8221;&#8221; css=&#8221;.vc_custom_1682510517696{padding-top: 5% !important;padding-bottom: 5% !important;background-color: #f5f6f6 !important;}&#8221;][vc_column width=&#8221;1\/2&#8243;][\/vc_column][vc_column width=&#8221;1\/2&#8243;][vc_column_text]La nuova struttura\u00a0nasce dalla riconversione degli stabilimenti ex Cirio di Vigliena nella zona industriale di Napoli Est (Stradone Vigliena, Circoscrizione di San Giovanni a Teduccio).<\/p>\n<p>La riconversione\u00a0ha dato vita ad una struttura ideale, con laboratori e officine di ampie dimensioni per la costruzione, il montaggio e la conservazione degli allestimenti degli spettacoli, per incrementare la produzione e la progettazione di questi.<\/p>\n<p>Il progetto\u00a0\u00e8 frutto dell&#8217;accordo del 2007 tra Autorit\u00e0 Portuale, Demanio, Comune di Napoli e Regione Campania che ha conferito la gestione dell&#8217;opificio al Teatro di San Carlo per destinarvi un luogo pi\u00f9 idoneo ad accogliere i laboratori degli allestimenti scenici.<br \/>\nLa riconversione\u00a0degli stabilimenti nei nuovi laboratori artistici rappresenta l&#8217;ultimo tassello del restauro del San Carlo avviato nel 2008, con il dislocamento dall&#8217;edificio storico delle sale per il montaggio delle scene, della falegnameria e dei magazzini.<\/p>\n<p>Il percorso\u00a0che si vuole iniziare oggi \u00e8 propedeutico al progetto di domani:\u00a0il Teatro San Carlo desidera promuovere, in tempi brevi, la realizzazione di un polo formativo della citt\u00e0 dove possano confluire le nostre attivit\u00e0 formative gi\u00e0 esistenti e la creazione di nuove opportunit\u00e0 (scuola per tecnici, amministrativi, marketing, comunicazione, produzione, segreteria artistica, orchestra giovanile, canto), attivit\u00e0 di spettacolo ed espositive.<\/p>\n<p><strong>Coordinatore\u00a0Progetti Speciali Vigliena:<br \/>\nFilomena Piccolo, <a href=\"mailto:f.piccolo@preprod.teatrosancarlo.it\">f.piccolo@preprod.teatrosancarlo.it<\/a><\/strong>[\/vc_column_text][\/vc_column][\/vc_row][vc_row full_width=&#8221;stretch_row_content_no_spaces&#8221; data_bf_animate=&#8221;&#8221; bf_overlay_color=&#8221;&#8221; el_class=&#8221;&#8211;light-gray&#8221;][vc_column]<div class=\"bf-carousel -immagini \"><div class=\"bf-carousel-single-slide -immagini\"><div style=\"background-image:url(https:\/\/preprod.teatrosancarlo.it\/wp-content\/uploads\/2023\/05\/vigliena1_squeglia.jpg)\"><img decoding=\"async\" src=\"https:\/\/preprod.teatrosancarlo.it\/wp-content\/uploads\/2023\/05\/vigliena1_squeglia.jpg\" alt=\"\" width=\"150\" height=150\"><\/div><\/div><div class=\"bf-carousel-single-slide -immagini\"><div style=\"background-image:url(https:\/\/preprod.teatrosancarlo.it\/wp-content\/uploads\/2023\/05\/vigliena2_squeglia.jpg)\"><img decoding=\"async\" src=\"https:\/\/preprod.teatrosancarlo.it\/wp-content\/uploads\/2023\/05\/vigliena2_squeglia.jpg\" alt=\"\" width=\"150\" height=150\"><\/div><\/div><div class=\"bf-carousel-single-slide -immagini\"><div style=\"background-image:url(https:\/\/preprod.teatrosancarlo.it\/wp-content\/uploads\/2023\/05\/vigliena3_squeglia.jpg)\"><img decoding=\"async\" src=\"https:\/\/preprod.teatrosancarlo.it\/wp-content\/uploads\/2023\/05\/vigliena3_squeglia.jpg\" alt=\"\" width=\"150\" height=150\"><\/div><\/div><\/div>[vc_empty_space height=&#8221;60px&#8221;][\/vc_column][\/vc_row]<\/p>\n<\/section>","protected":false},"excerpt":{"rendered":"<p>[vc_row data_bf_animate=&#8221;&#8221; bf_overlay_color=&#8221;&#8221; css=&#8221;.vc_custom_1682510517696{padding-top: 5% !important;padding-bottom: 5% !important;background-color: #f5f6f6 !important;}&#8221;][vc_column width=&#8221;1\/2&#8243;][\/vc_column][vc_column width=&#8221;1\/2&#8243;][vc_column_text]La nuova struttura\u00a0nasce dalla riconversione degli stabilimenti ex Cirio di Vigliena nella zona industriale di Napoli Est (Stradone Vigliena, Circoscrizione di San Giovanni a Teduccio). La riconversione\u00a0ha dato vita ad una struttura ideale, con laboratori e officine di ampie dimensioni per la costruzione, il &hellip; <a class=\"bf-link titles icon-arrow-right icon-arrow-right-primary\" href=\"https:\/\/preprod.teatrosancarlo.it\/en\/educational\/formazione-e-laboratori\/laboratori-artistici-di-vigliena\/\">Read more<\/a><\/p>\n","protected":false},"author":1,"featured_media":1228,"parent":2740,"menu_order":0,"comment_status":"closed","ping_status":"closed","template":"educational.blade.php","meta":{"footnotes":""},"class_list":["post-2743","page","type-page","status-publish","has-post-thumbnail","hentry","categoria-pagina-educational"],"aioseo_notices":[],"acf":{"is_list":false,"breve_descrizione":"La nuova struttura\u00a0nasce dalla riconversione degli stabilimenti ex Cirio di Vigliena nella zona industriale di Napoli Est (Stradone Vigliena, Circoscrizione di San Giovanni a Teduccio).","form_prenotazione":false,"titolo_form":"","header_trasparente":true,"newsletter_footer":true,"next_events_widget":false,"news_widget":false,"video_widget":false,"video":null,"accesso":[]},"_links":{"self":[{"href":"https:\/\/preprod.teatrosancarlo.it\/en\/wp-json\/wp\/v2\/pages\/2743","targetHints":{"allow":["GET"]}}],"collection":[{"href":"https:\/\/preprod.teatrosancarlo.it\/en\/wp-json\/wp\/v2\/pages"}],"about":[{"href":"https:\/\/preprod.teatrosancarlo.it\/en\/wp-json\/wp\/v2\/types\/page"}],"author":[{"embeddable":true,"href":"https:\/\/preprod.teatrosancarlo.it\/en\/wp-json\/wp\/v2\/users\/1"}],"replies":[{"embeddable":true,"href":"https:\/\/preprod.teatrosancarlo.it\/en\/wp-json\/wp\/v2\/comments?post=2743"}],"version-history":[{"count":1,"href":"https:\/\/preprod.teatrosancarlo.it\/en\/wp-json\/wp\/v2\/pages\/2743\/revisions"}],"predecessor-version":[{"id":2744,"href":"https:\/\/preprod.teatrosancarlo.it\/en\/wp-json\/wp\/v2\/pages\/2743\/revisions\/2744"}],"up":[{"embeddable":true,"href":"https:\/\/preprod.teatrosancarlo.it\/en\/wp-json\/wp\/v2\/pages\/2740"}],"wp:featuredmedia":[{"embeddable":true,"href":"https:\/\/preprod.teatrosancarlo.it\/en\/wp-json\/wp\/v2\/media\/1228"}],"wp:attachment":[{"href":"https:\/\/preprod.teatrosancarlo.it\/en\/wp-json\/wp\/v2\/media?parent=2743"}],"wp:term":[{"taxonomy":"categoria-pagina","embeddable":true,"href":"https:\/\/preprod.teatrosancarlo.it\/en\/wp-json\/wp\/v2\/categoria-pagina?post=2743"}],"curies":[{"name":"wp","href":"https:\/\/api.w.org\/{rel}","templated":true}]}}