{"id":2748,"date":"2023-05-09T11:58:05","date_gmt":"2023-05-09T09:58:05","guid":{"rendered":"https:\/\/preprod.teatrosancarlo.it\/educational\/iniziative-masterclass-e-stage\/"},"modified":"2023-06-27T15:38:44","modified_gmt":"2023-06-27T13:38:44","slug":"iniziative-masterclass-e-stage","status":"publish","type":"page","link":"https:\/\/preprod.teatrosancarlo.it\/en\/educational\/iniziative-masterclass-e-stage\/","title":{"rendered":"Iniziative, Masterclass e Stage"},"content":{"rendered":"<section class=\"wpb-content-wrapper\"><p>[vc_row data_bf_animate=&#8221;&#8221; bf_overlay_color=&#8221;&#8221; css=&#8221;.vc_custom_1683626329180{padding-top: 5% !important;padding-bottom: 5% !important;background-color: #f5f6f6 !important;}&#8221;][vc_column width=&#8221;1\/2&#8243;]<div class=\"bf-title-block color-titles    \"><h1 class=\"bf-title\">Il San Carlo per i Giovani, Speciale Universit\u00e0<\/h1><\/div>[vc_column_text]<\/p>\n<p class=\"p1\">Anche per la Stagione in corso il Teatro San Carlo torna all&#8217;Universit\u00e0:\u00a0proposte speciali per l&#8217;acquisto di Card e Biglietti al prezzo riservato ai docenti e agli studenti degli atenei di Napoli e della Campania. E, in pi\u00f9, \u00e8 in programma un ciclo di incontri con gli artisti e gli ospiti del San Carlo, dedicati al pubblico universitario, per conoscere &#8220;da vicino&#8221; la Musica.\u00a0<span class=\"s1\"><br \/>\n<\/span>Per tutte le informazioni, basta inviare un&#8217;e-mail all&#8217;indirizzo\u00a0<a href=\"mailto:promozionepubblico@preprod.teatrosancarlo.it\"><span class=\"s2\">promozionepubblico@preprod.teatrosancarlo.it<\/span><\/a>\u00a0oppure chiamare allo\u00a0<span class=\"s2\">081-7972468<\/span>.<\/p>\n<p>[\/vc_column_text][\/vc_column][vc_column width=&#8221;1\/2&#8243;]<div class=\"bf-title-block color-titles    \"><h1 class=\"bf-title\">Stage<\/h1><\/div>[vc_column_text]<\/p>\n<p class=\"p1\">Un\u2019esperienza di stage in uno dei Teatri lirici pi\u00f9 importanti del mondo pu\u00f2 fare davvero la differenza nel percorso di formazione di uno studente.\u00a0La Fondazione Teatro di San Carlo accoglie, nei suoi diversi reparti, stagisti provenienti da tutte le universit\u00e0 del territorio nazionale purch\u00e9 convenzionate. Per candidarti, puoi metterti in contatto con il nostro Ufficio Stage, inviandoci un tuo curriculum con foto in formato europeo e segnalandoci in quale area ti piacerebbe effettuare lo stage. Dopo aver valutato il tuo profilo, ti contatteremo per un eventuale colloquio.<\/p>\n<p class=\"p1\">Ecco i reparti in cui, al momento, cerchiamo stagisti:<\/p>\n<p class=\"p1\">Direzione Artistica<\/p>\n<p class=\"p1\">Ufficio Stampa e Comunicazione<\/p>\n<p class=\"p1\">MeMUS, Museo e Archivio Storico<\/p>\n<p class=\"p1\">Direzione Affari Istituzionali\u00a0e Marketing<\/p>\n<p class=\"p1\">Ufficio Marketing e Promozione Pubblico<\/p>\n<p class=\"p1\">Segreteria Corpo di Ballo<\/p>\n<p class=\"p1\">Direzione Allestimenti Scenici<\/p>\n<p class=\"p1\">Sartoria<\/p>\n<p class=\"p1\">Sovrintendenza<\/p>\n<p class=\"p3\"><span class=\"s1\"><br \/>\n<\/span>Le esperienze di stage, sono aperte a studenti dei corsi di laurea specialistici e magistrali ed allievi master,\u00a0sono a titolo gratuito e non prevedono alcuna forma di rimborso spese.\u00a0<span class=\"s2\"><b>Non sono quindi ammesse candidature per stage post laurea<\/b><\/span>. La durata minima del percorso formativo \u00e8 di tre mesi, con possibilit\u00e0 di impegno part-time. Per gli studenti non ancora laureati, insieme alla richiesta di stage ed al curriculum, \u00e8 richiesto l\u2019invio di un\u2019autocertificazione con l\u2019elenco degli esami sostenuti ed i relativi voti conseguiti.<\/p>\n<p class=\"p3\"><span class=\"s1\"><br \/>\n<\/span>Ecco un elenco delle convenzioni attualmente attive:<\/p>\n<p class=\"p4\">&#8211;\u00a0<span class=\"s2\"><b>Convenzione di tirocinio curriculare con Universit\u00e0 degli Studi di Napoli Federico II<\/b><\/span>\u00a0(sottoscritta in data 23\/12\/2015) \u2013 durata triennale, con possibilit\u00e0 di rinnovo espresso (art. 7)<\/p>\n<p><span class=\"s2\"><b>&#8211; Convenzione di stage per formazione e orientamento con Universit\u00e0 L\u2019Orientale di Napoli<\/b><\/span>\u00a0(prot. 12859 del 06\/06\/2006) \u2013 durata triennale con rinnovo tacito (art. 5) \u2013 nessuna disdetta agli atti;<\/p>\n<p class=\"p4\">&#8211;\u00a0<span class=\"s2\"><b>Convenzione di tirocinio di formazione ed orientamento con l&#8217;Universit\u00e0 Pathenope di Napoli\u00a0<\/b><\/span>\u00a0&#8211; durata triennuale con tacito rinnovo di triennio in triennio\u00a0(art. 6) \u2013 nessuna disdetta agli atti;<\/p>\n<p class=\"p6\"><span class=\"s3\">&#8211;<\/span><b>\u00a0Convenzione di tirocinio di formazione e di orientamento con la Facolt\u00e0 di Lettere e Filosofia dell\u2019Universit\u00e0 degli Studi di Salerno<\/b><span class=\"s3\">\u00a0(prot. n. 388 del 24\/05\/2010) \u2013 durata annuale con rinnovo tacito (art. 8) \u2013 nessuna disdetta agli atti;<br \/>\n<\/span><\/p>\n<p class=\"p6\"><span class=\"s3\">&#8211;\u00a0<\/span><b>Lettera di intenti per ospitalit\u00e0 stage in riferimento al partenariato per la partecipazione al bando per la presentazione di una proposta formativa nell\u2019ambito del \u201cPiano strategico di intervento per la formazione nella filiera del turismo in Campania\u201d<\/b><span class=\"s3\">\u00a0di cui alla D.G.R.C. n. 532\/12 cup b29d14003040001 (Decreto Dirigenziale n. 18 del 30\/12\/2014), indirizzata al Presidente dell\u2019Istituto Suor Orsola Benincasa, del 01\/02\/2015;<br \/>\n<\/span><\/p>\n<p class=\"p6\"><span class=\"s3\">&#8211;\u00a0<\/span><b>Convenzione di tirocinio di formazione e orientamento con la Libera Universit\u00e0 di Lingue e Comunicazione \u2013 IULM<\/b><span class=\"s3\">\u00a0del 19\/02\/2007 \u2013 durata annuale con rinnovo tacito di anno in anno (art. 6);<br \/>\n<\/span><\/p>\n<p class=\"p6\"><span class=\"s3\">&#8211;\u00a0<\/span><b>Convenzione di tirocinio di formazione ed orientamento con la Facolt\u00e0 di Lingue e Letterature Straniere dell\u2019Universit\u00e0 degli Studi di Salerno<\/b><span class=\"s3\">\u00a0&#8211; durata annuale con tacito rinnovo di anno in anno (art. 7);<br \/>\n<\/span><\/p>\n<p class=\"p4\">&#8211;\u00a0<span class=\"s2\"><b>Convenzione di tirocinio di formazione ed orientamento con l&#8217;Universit\u00e0 Pathenope di Napoli\u00a0<\/b><\/span>\u00a0&#8211; durata triennale con tacito rinnovo di triennio in triennio\u00a0(art. 6) \u2013 nessuna disdetta agli atti;;<\/p>\n<p class=\"p7\"><span class=\"s1\"><br \/>\n<\/span><span class=\"s2\"><b>Per info ed invio richieste, documentazione aggiuntiva e curriculum:<\/b><\/span><span class=\"s1\"><br \/>\n<\/span>Ufficio Stage\u00a0Fondazione Teatro di San Carlo<span class=\"s1\"><br \/>\n<a href=\"mailto:v.decapua@preprod.teatrosancarlo.it\"><span class=\"s4\">affarilegali@preprod.teatrosancarlo.it<\/span><\/a><\/span><\/p>\n<p>[\/vc_column_text][\/vc_column][\/vc_row]<\/p>\n<\/section>","protected":false},"excerpt":{"rendered":"<p>[vc_row data_bf_animate=&#8221;&#8221; bf_overlay_color=&#8221;&#8221; css=&#8221;.vc_custom_1683626329180{padding-top: 5% !important;padding-bottom: 5% !important;background-color: #f5f6f6 !important;}&#8221;][vc_column width=&#8221;1\/2&#8243;][vc_column_text] Anche per la Stagione in corso il Teatro San Carlo torna all&#8217;Universit\u00e0:\u00a0proposte speciali per l&#8217;acquisto di Card e Biglietti al prezzo riservato ai docenti e agli studenti degli atenei di Napoli e della Campania. E, in pi\u00f9, \u00e8 in programma un ciclo di incontri &hellip; <a class=\"bf-link titles icon-arrow-right icon-arrow-right-primary\" href=\"https:\/\/preprod.teatrosancarlo.it\/en\/educational\/iniziative-masterclass-e-stage\/\">Read more<\/a><\/p>\n","protected":false},"author":4,"featured_media":1953,"parent":2569,"menu_order":0,"comment_status":"closed","ping_status":"closed","template":"educational.blade.php","meta":{"footnotes":""},"class_list":["post-2748","page","type-page","status-publish","has-post-thumbnail","hentry","categoria-pagina-educational"],"aioseo_notices":[],"acf":{"is_list":false,"breve_descrizione":"La Fondazione Teatro di San Carlo accoglie, nei suoi diversi reparti, stagisti provenienti da tutte le universit\u00e0 del territorio nazionale purch\u00e9 convenzionate.","form_prenotazione":false,"titolo_form":"","header_trasparente":true,"newsletter_footer":true,"next_events_widget":false,"news_widget":false,"video_widget":false,"video":null,"accesso":[]},"_links":{"self":[{"href":"https:\/\/preprod.teatrosancarlo.it\/en\/wp-json\/wp\/v2\/pages\/2748","targetHints":{"allow":["GET"]}}],"collection":[{"href":"https:\/\/preprod.teatrosancarlo.it\/en\/wp-json\/wp\/v2\/pages"}],"about":[{"href":"https:\/\/preprod.teatrosancarlo.it\/en\/wp-json\/wp\/v2\/types\/page"}],"author":[{"embeddable":true,"href":"https:\/\/preprod.teatrosancarlo.it\/en\/wp-json\/wp\/v2\/users\/4"}],"replies":[{"embeddable":true,"href":"https:\/\/preprod.teatrosancarlo.it\/en\/wp-json\/wp\/v2\/comments?post=2748"}],"version-history":[{"count":1,"href":"https:\/\/preprod.teatrosancarlo.it\/en\/wp-json\/wp\/v2\/pages\/2748\/revisions"}],"predecessor-version":[{"id":2749,"href":"https:\/\/preprod.teatrosancarlo.it\/en\/wp-json\/wp\/v2\/pages\/2748\/revisions\/2749"}],"up":[{"embeddable":true,"href":"https:\/\/preprod.teatrosancarlo.it\/en\/wp-json\/wp\/v2\/pages\/2569"}],"wp:featuredmedia":[{"embeddable":true,"href":"https:\/\/preprod.teatrosancarlo.it\/en\/wp-json\/wp\/v2\/media\/1953"}],"wp:attachment":[{"href":"https:\/\/preprod.teatrosancarlo.it\/en\/wp-json\/wp\/v2\/media?parent=2748"}],"wp:term":[{"taxonomy":"categoria-pagina","embeddable":true,"href":"https:\/\/preprod.teatrosancarlo.it\/en\/wp-json\/wp\/v2\/categoria-pagina?post=2748"}],"curies":[{"name":"wp","href":"https:\/\/api.w.org\/{rel}","templated":true}]}}