{"id":3,"date":"2023-03-18T17:20:47","date_gmt":"2023-03-18T16:20:47","guid":{"rendered":"https:\/\/preprod.teatrosancarlo.it\/?page_id=3"},"modified":"2024-03-05T12:29:16","modified_gmt":"2024-03-05T11:29:16","slug":"privacy-policy","status":"publish","type":"page","link":"https:\/\/preprod.teatrosancarlo.it\/en\/privacy-policy\/","title":{"rendered":"Privacy Policy"},"content":{"rendered":"<section class=\"wpb-content-wrapper\"><p>[vc_row data_bf_animate=&#8221;&#8221; bf_overlay_color=&#8221;&#8221; css=&#8221;.vc_custom_1682510517696{padding-top: 5% !important;padding-bottom: 5% !important;background-color: #f5f6f6 !important;}&#8221;][vc_column width=&#8221;1\/2&#8243;]<div class=\"bf-title-block color-titles    \"><h2 class=\"bf-title\">INFORMATIVA AGLI INTERESSATI AI SENSI DELL\u2019ARTICOLO 13 DEL REGOLAMENTO (UE) N. 2016\/679<\/h2><\/div>[\/vc_column][vc_column width=&#8221;1\/2&#8243;][vc_column_text]Ai sensi e per gli effetti dell\u2019articolo 13 del Regolamento (UE) n. 2016\/679 del Parlamento Europeo e del Consiglio del 27 aprile 2016 relativo alla protezione delle persone fisiche con riferimento al trattamento dei dati personali, nonch\u00e9 alla libera circolazione di tali dati (Regolamento generale sulla protezione dei dati, di seguito, anche, \u201cRegolamento\u201d o \u201cGDPR\u201d) e che abroga la Direttiva 95\/46\/CE, La informiamo che i dati personali da Lei volontariamente messi a disposizione della Fondazione Teatro di San Carlo saranno oggetto di trattamento nel rispetto della vigente normativa in materia di protezione dei dati personali e, comunque, dei principi di riservatezza cui \u00e8 ispirata l\u2019attivit\u00e0 della Fondazione.[\/vc_column_text][\/vc_column][\/vc_row][vc_row data_bf_animate=&#8221;&#8221; bf_overlay_color=&#8221;&#8221;][vc_column width=&#8221;1\/2&#8243;]<div class=\"bf-title-block color-titles   medium \"><h3 class=\"bf-title\">Finalit\u00e0 del trattamento cui sono destinati i dati personali e relativa base giuridica.<\/h3><\/div>[vc_column_text]I dati personali da Lei messi a disposizione della Fondazione Teatro di San Carlo potranno essere utilizzati:<\/p>\n<p>&#8211; per adempiere gli obblighi precontrattuali e contrattuali derivanti dai rapporti tra le parti, rispettare le disposizioni di leggi e regolamenti (nazionali o comunitari), oppure eseguire un ordine di Autorit\u00e0 giudiziarie o di organismi di vigilanza ai quali la Fondazione \u00e8 sottoposta.<\/p>\n<p>&#8211; per finalit\u00e0 di Marketing, ovvero per fornirLe e\/o inviarLe la nostra newsletter contenente comunicazioni informative e promozionali\/pubblicitarie, anche di natura commerciale, con qualsiasi a mezzo, ivi compreso, a titolo esemplificativo e non esaustivo, posta, Internet, telefono, E-mail, MMS, SMS da parte della Fondazione (cd Community). Tale finalit\u00e0 riguarda gli utenti che abbiano espresso consenso facoltativo e, in caso di acquisto del titolo per assistere a spettacoli e manifestazioni, verr\u00e0 comunque garantita l&#8217;emissione del titolo di accesso, anche in caso di mancato consenso.[\/vc_column_text]<div class=\"bf-title-block color-titles   medium \"><h3 class=\"bf-title\">Modalit\u00e0 del trattamento<\/h3><\/div>[vc_column_text]Il trattamento dei Suoi dati personali verr\u00e0 effettuato mediante idonei strumenti cartacei, elettronici e\/o telematici, con logiche strettamente correlate alle finalit\u00e0 sopra descritte e, comunque, in modo tale da garantire la sicurezza e riservatezza dei dati stessi.[\/vc_column_text]<div class=\"bf-title-block color-titles   medium \"><h3 class=\"bf-title\">Categorie di destinatari dei dati personali<\/h3><\/div>[vc_column_text]All\u2019interno della Fondazione potranno venire a conoscenza dei Suoi dati personali, i soggetti appartenenti alla Fondazione direttamente interessati all\u2019attivit\u00e0 per cui ha prestato il consenso, il Responsabile della protezione dei dati personali, i Responsabili e gli incaricati del trattamento dei dati personali designati dalla Fondazione nell\u2019esercizio delle loro funzioni.<\/p>\n<p>Nel perseguimento delle suddette finalit\u00e0, la Fondazione potr\u00e0 inoltre avvalersi delle seguenti categorie di soggetti che potranno parimenti venire a conoscenza dei Suoi dati personali: soggetti qualificati che forniscono alla Fondazione prestazioni o servizi strumentali alle finalit\u00e0 di cui sopra, i soggetti e le societ\u00e0 eventualmente chiamate a gestire e\/o partecipare alla gestione e\/o manutenzione dei nostri siti internet e degli strumenti elettronici e\/o telematici, societ\u00e0 eventualmente chiamate a gestire e\/o partecipare alla gestione e\/o elaborazione di dati per finalit\u00e0 amministrative contabili.<\/p>\n<p>Per lo svolgimento di talune attivit\u00e0, la FTSC potrebbe avere l&#8217;esigenza di comunicare alcuni dei Suoi dati ad Amministrazioni Pubbliche, Enti finanziatori pubblici e privati e\/o soggetti esterni di propria fiducia (consulenti legali, fiscali, contabili ecc..) che li utilizzeranno per la gestione di procedure necessarie per l&#8217;erogazione delle prestazioni e\/o contributi, attivit\u00e0 di progettazione, rendicontazione, revisione e formazione.<\/p>\n<p>I Suoi dati potranno essere comunicati a qualsiasi altro soggetto cui i dati dovranno essere trasmessi in base ad un\u2019espressa disposizione di legge.<\/p>\n<p>I Suoi dati personali non saranno soggetti a diffusione.<\/p>\n<p>I Suoi dati personali potranno essere eventualmente trasferiti all\u2019estero, in conformit\u00e0 a quanto previsto dalla normativa vigente, anche in Paesi non appartenenti all\u2019Unione Europea ove la Fondazione persegua eventualmente i propri interessi.<\/p>\n<p>Il trasferimento in Paesi Extra UE \u00e8 effettuato in modo da fornire garanzie appropriate e opportune ai sensi degli artt. 46 e\/o 47 e\/o 49 del GDPR.[\/vc_column_text][\/vc_column][vc_column width=&#8221;1\/2&#8243;]<div class=\"bf-title-block color-titles   medium \"><h3 class=\"bf-title\">Criteri utilizzati per la conservazione dei dati<\/h3><\/div>[vc_column_text]I dati che La riguardano verranno conservati per un arco di tempo non superiore a quello necessario al raggiungimento delle finalit\u00e0 per i quali essi sono trattati.<\/p>\n<p>In ogni caso, qualora si tratti di consenso prestato ai fini della ricezione di newsletter sulle attivit\u00e0 della Fondazione, potr\u00e0, in qualsiasi momento richiedere di non voler pi\u00f9 ricevere informazioni e\/o newsletter e il suo contatto verr\u00e0 tempestivamente cancellato dalla lista di distribuzione.[\/vc_column_text]<div class=\"bf-title-block color-titles   medium \"><h3 class=\"bf-title\">Diritti dell\u2019interessato<\/h3><\/div>[vc_column_text]<\/p>\n<p>La informiamo che in qualunque momento relativamente ai Suoi dati, Lei potr\u00e0 esercitare i diritti previsti nei limiti ed alle condizioni previste dagli articoli 7 e 15-22 del GDPR. Nel dettaglio l\u2019interessato ha il diritto di:<\/p>\n<p>&#8211; revocare il consenso precedentemente prestato, senza pregiudicare la liceit\u00e0 del trattamento basato sul consenso prima della revoca;<\/p>\n<p>&#8211; chiedere al Titolare del trattamento dei dati l\u2019accesso, la rettifica o la cancellazione (\u201cDiritto all\u2019Oblio\u201d) dei dati personali o la limitazione del trattamento dei dati personali che lo riguardano o di opporsi al loro trattamento;<\/p>\n<p>&#8211; ottenere la portabilit\u00e0 dei dati;<\/p>\n<p>&#8211; proporre reclamo al Garante per la protezione dei dati personali qualora ritenga che i propri diritti siano stati lesi.<\/p>\n<p>[\/vc_column_text]<div class=\"bf-title-block color-titles   medium \"><h3 class=\"bf-title\">Titolare del trattamento e Responsabile al trattamento dei dati personali.<\/h3><\/div>[vc_column_text]<\/p>\n<p>Titolare del trattamento \u00e8 la Fondazione Teatro San Carlo, con sede legale in Napoli, Via San Carlo 98\/F. Qualsiasi richiesta relativa ai dati personali trattati della Fondazione potr\u00e0 essere rivolta al Titolare del trattamento presso la sede della Fondazione. L\u2019elenco aggiornato dei Responsabili \u00e8 disponibile presso la Fondazione ed \u00e8 conoscibile attraverso apposita richiesta formulata con le modalit\u00e0 sopra indicate. Il contatto del Responsabile della protezione dei dati \u00e8 <a href=\"mailto:areaamministrativa@pec.teatrosancarlo.it\">areaamministrativa@pec.teatrosancarlo.it<\/a>.<\/p>\n<p>[\/vc_column_text][\/vc_column][\/vc_row]<\/p>\n<\/section>","protected":false},"excerpt":{"rendered":"<p>[vc_row data_bf_animate=&#8221;&#8221; bf_overlay_color=&#8221;&#8221; css=&#8221;.vc_custom_1682510517696{padding-top: 5% !important;padding-bottom: 5% !important;background-color: #f5f6f6 !important;}&#8221;][vc_column width=&#8221;1\/2&#8243;][\/vc_column][vc_column width=&#8221;1\/2&#8243;][vc_column_text]Ai sensi e per gli effetti dell\u2019articolo 13 del Regolamento (UE) n. 2016\/679 del Parlamento Europeo e del Consiglio del 27 aprile 2016 relativo alla protezione delle persone fisiche con riferimento al trattamento dei dati personali, nonch\u00e9 alla libera circolazione di tali dati (Regolamento &hellip; <a class=\"bf-link titles icon-arrow-right icon-arrow-right-primary\" href=\"https:\/\/preprod.teatrosancarlo.it\/en\/privacy-policy\/\">Read more<\/a><\/p>\n","protected":false},"author":1,"featured_media":0,"parent":0,"menu_order":0,"comment_status":"closed","ping_status":"open","template":"","meta":{"footnotes":""},"class_list":["post-3","page","type-page","status-publish","hentry"],"aioseo_notices":[],"acf":{"header_trasparente":false,"newsletter_footer":false,"next_events_widget":false,"news_widget":false,"video_widget":false,"video":null,"accesso":""},"_links":{"self":[{"href":"https:\/\/preprod.teatrosancarlo.it\/en\/wp-json\/wp\/v2\/pages\/3","targetHints":{"allow":["GET"]}}],"collection":[{"href":"https:\/\/preprod.teatrosancarlo.it\/en\/wp-json\/wp\/v2\/pages"}],"about":[{"href":"https:\/\/preprod.teatrosancarlo.it\/en\/wp-json\/wp\/v2\/types\/page"}],"author":[{"embeddable":true,"href":"https:\/\/preprod.teatrosancarlo.it\/en\/wp-json\/wp\/v2\/users\/1"}],"replies":[{"embeddable":true,"href":"https:\/\/preprod.teatrosancarlo.it\/en\/wp-json\/wp\/v2\/comments?post=3"}],"version-history":[{"count":8,"href":"https:\/\/preprod.teatrosancarlo.it\/en\/wp-json\/wp\/v2\/pages\/3\/revisions"}],"predecessor-version":[{"id":7437,"href":"https:\/\/preprod.teatrosancarlo.it\/en\/wp-json\/wp\/v2\/pages\/3\/revisions\/7437"}],"wp:attachment":[{"href":"https:\/\/preprod.teatrosancarlo.it\/en\/wp-json\/wp\/v2\/media?parent=3"}],"wp:term":[{"taxonomy":"categoria-pagina","embeddable":true,"href":"https:\/\/preprod.teatrosancarlo.it\/en\/wp-json\/wp\/v2\/categoria-pagina?post=3"}],"curies":[{"name":"wp","href":"https:\/\/api.w.org\/{rel}","templated":true}]}}