{"id":886,"date":"2023-05-09T14:58:51","date_gmt":"2023-05-09T12:58:51","guid":{"rendered":"https:\/\/preprod.teatrosancarlo.it\/?page_id=886"},"modified":"2024-01-30T11:28:38","modified_gmt":"2024-01-30T10:28:38","slug":"lucia-di-lammermoor-torna-in-scozia","status":"publish","type":"page","link":"https:\/\/preprod.teatrosancarlo.it\/en\/lucia-di-lammermoor-torna-in-scozia\/","title":{"rendered":"Lucia di Lammermoor torna in Scozia"},"content":{"rendered":"<section class=\"wpb-content-wrapper\"><p>[vc_row data_bf_animate=&#8221;&#8221; bf_overlay_color=&#8221;&#8221; css=&#8221;.vc_custom_1683637264069{padding-top: 5% !important;padding-bottom: 5% !important;}&#8221;][vc_column width=&#8221;1\/2&#8243;]<div class=\"bf-title-block color-titles    \"><h2 class=\"bf-title\">Dal palcoscenico del San Carlo:<br \/>\nLucia di Lammermoor torna in Scozia<\/h2><\/div>[\/vc_column][vc_column width=&#8221;1\/2&#8243;][vc_column_text]<\/p>\n<p class=\"p1\"><span class=\"s1\"><i>Lucia di Lammermoor\u00a0<\/i><\/span>torna a casa.<br \/>\nDal palcoscenico del teatro lirico pi\u00f9 antico al mondo ancora in attivit\u00e0, Lucia torna in Scozia.<\/p>\n<p class=\"p2\">La pi\u00f9 famosa tra le opere di Gaetano Donizetti debuttava al San Carlo il 26 settembre del 1835, al tempo in cui il compositore era direttore musicale. Il soggetto, ripreso da Donizetti e adattato da Salvadore Cammarano per il libretto, nasce dalla penna fervida e creativa di un grandissimo scrittore, sir Walter Scott.<\/p>\n<p class=\"p2\">Un viaggio a ritroso, da Donizetti a Scott, sulle tracce di Lucia, che parte da Napoli e arriva in Scozia, unisce nel<\/p>\n<p class=\"p2\">segno di questo progetto di distribuzione internazionale due grandi protagonisti: un compositore legato al San Carlo e alla sua storia e uno scrittore che ha raccontato una nazione, la sua storia, i suoi paesaggi che restano impressi nelle immagini fissate per sempre dall\u2019inchiostro dei suoi romanzi.<\/p>\n<p class=\"p2\">Il progetto nasce da un accordo di valorizzazione e distribuzione internazionale con la Scottish Opera insieme\u00a0all\u2019Abbotsford Trust &#8211; il luogo ideale di risonanza e celebrazione di un\u2019opera che trae la sua linfa narrativa proprio\u00a0dallo scrittore scozzese (a 250 anni dalla nascita &#8211; 1771-2021 &#8211; e a 200 anni dalla scrittura del soggetto). Presente nel programma istituzionale dedicato al 250\u00b0 Anniversario di Walter Scott &#8211; https:\/\/walterscott250.com\/ &#8211;\u00a0il San Carlo \u00e8 diventato partner istituzionale delle Celebrazioni in Scozia.<\/p>\n<p class=\"p2\">Il San Carlo ha voluto dare risalto con questo progetto sostenuto da SIAE &#8211; \u201cPer Chi Crea\u201d &#8211; ai suoi giovani artisti, coltivando una serie di collaborazioni significative. A distanza di oltre centottant\u2019anni da quella straordinaria prima assoluta sul suo palcoscenico, Il San Carlo vuole celebrare un compositore e un\u2019opera di notevole rilevanza storica nella memoria del nostro Teatro, ricreando quel legame originale tra luogo di rappresentazione e luogo di ambientazione, attraverso un progetto di promozione e distribuzione nazionale e internazionale dell\u2019opera\u00a0<span class=\"s1\"><i>Lucia di<\/i><\/span>\u00a0<span class=\"s1\"><i>Lammermoor\u00a0<\/i><\/span>andata in scena nel 2017 &#8211; con una produzione firmata da un giovane regista napoletano, Michele Sorrentino Mangini, che deriva da Gianni Amelio la visione cinematografica dell\u2019opera lirica allestita al San Carlo 5 anni prima (stagione 2011\/12) &#8211; con la regia video di un altro regista napoletano, Mario Pistolese, riportandola proprio nella Scozia di Scott.<\/p>\n<p class=\"p2\">Entrambi sono autori e registi dello short film girato in Scozia sui luoghi di Scott, per la creazione dei contenuti extra che documentano la \u201cdestinazione\u201d di questo viaggio straordinario.<\/p>\n<p class=\"p3\"><span class=\"s2\"><a href=\"https:\/\/www.youtube.com\/watch?v=WghNLB41sWs\">Guarda il docufilm Lucia di Lammermoor torna in Scozia<\/a><\/span><\/p>\n<p class=\"p4\"><span class=\"s3\">\u00a0<\/span><i>Il progetto \u201cDal palcoscenico del San Carlo: Lucia di Lammermoor torna in Scozia\u201d \u00e8 sostenuto da SIAE \u201cPer chi crea\u201d Bando 4 &#8211; Live e promozione nazionale e internazionale (Ed. 2018) \u2013 settore \u201cCinema<\/i><\/p>\n<p>[\/vc_column_text][vc_single_image image=&#8221;888&#8243; img_size=&#8221;full&#8221;][\/vc_column][\/vc_row]<\/p>\n<\/section>","protected":false},"excerpt":{"rendered":"<p>[vc_row data_bf_animate=&#8221;&#8221; bf_overlay_color=&#8221;&#8221; css=&#8221;.vc_custom_1683637264069{padding-top: 5% !important;padding-bottom: 5% !important;}&#8221;][vc_column width=&#8221;1\/2&#8243;][\/vc_column][vc_column width=&#8221;1\/2&#8243;][vc_column_text] Lucia di Lammermoor\u00a0torna a casa. Dal palcoscenico del teatro lirico pi\u00f9 antico al mondo ancora in attivit\u00e0, Lucia torna in Scozia. La pi\u00f9 famosa tra le opere di Gaetano Donizetti debuttava al San Carlo il 26 settembre del 1835, al tempo in cui il compositore &hellip; <a class=\"bf-link titles icon-arrow-right icon-arrow-right-primary\" href=\"https:\/\/preprod.teatrosancarlo.it\/en\/lucia-di-lammermoor-torna-in-scozia\/\">Read more<\/a><\/p>\n","protected":false},"author":4,"featured_media":1938,"parent":0,"menu_order":0,"comment_status":"closed","ping_status":"closed","template":"","meta":{"footnotes":""},"class_list":["post-886","page","type-page","status-publish","has-post-thumbnail","hentry","categoria-pagina-streaming"],"aioseo_notices":[],"acf":{"header_trasparente":true,"newsletter_footer":true,"next_events_widget":false,"news_widget":false,"video_widget":false,"video":null,"accesso":""},"_links":{"self":[{"href":"https:\/\/preprod.teatrosancarlo.it\/en\/wp-json\/wp\/v2\/pages\/886","targetHints":{"allow":["GET"]}}],"collection":[{"href":"https:\/\/preprod.teatrosancarlo.it\/en\/wp-json\/wp\/v2\/pages"}],"about":[{"href":"https:\/\/preprod.teatrosancarlo.it\/en\/wp-json\/wp\/v2\/types\/page"}],"author":[{"embeddable":true,"href":"https:\/\/preprod.teatrosancarlo.it\/en\/wp-json\/wp\/v2\/users\/4"}],"replies":[{"embeddable":true,"href":"https:\/\/preprod.teatrosancarlo.it\/en\/wp-json\/wp\/v2\/comments?post=886"}],"version-history":[{"count":6,"href":"https:\/\/preprod.teatrosancarlo.it\/en\/wp-json\/wp\/v2\/pages\/886\/revisions"}],"predecessor-version":[{"id":2888,"href":"https:\/\/preprod.teatrosancarlo.it\/en\/wp-json\/wp\/v2\/pages\/886\/revisions\/2888"}],"wp:featuredmedia":[{"embeddable":true,"href":"https:\/\/preprod.teatrosancarlo.it\/en\/wp-json\/wp\/v2\/media\/1938"}],"wp:attachment":[{"href":"https:\/\/preprod.teatrosancarlo.it\/en\/wp-json\/wp\/v2\/media?parent=886"}],"wp:term":[{"taxonomy":"categoria-pagina","embeddable":true,"href":"https:\/\/preprod.teatrosancarlo.it\/en\/wp-json\/wp\/v2\/categoria-pagina?post=886"}],"curies":[{"name":"wp","href":"https:\/\/api.w.org\/{rel}","templated":true}]}}