{"id":920,"date":"2023-05-09T15:29:23","date_gmt":"2023-05-09T13:29:23","guid":{"rendered":"https:\/\/preprod.teatrosancarlo.it\/?page_id=920"},"modified":"2024-01-30T11:38:55","modified_gmt":"2024-01-30T10:38:55","slug":"concerto-dimprese","status":"publish","type":"page","link":"https:\/\/preprod.teatrosancarlo.it\/en\/concerto-dimprese\/","title":{"rendered":"Concerto d&#8217;Imprese"},"content":{"rendered":"<section class=\"wpb-content-wrapper\"><p>[vc_row data_bf_animate=&#8221;&#8221; bf_overlay_color=&#8221;&#8221; css=&#8221;.vc_custom_1683639113579{padding-top: 10% !important;padding-bottom: 10% !important;}&#8221;][vc_column][vc_single_image image=&#8221;921&#8243; img_size=&#8221;Full&#8221;][\/vc_column][\/vc_row][vc_row data_bf_animate=&#8221;&#8221; bf_overlay_color=&#8221;&#8221; css=&#8221;.vc_custom_1683639038709{padding-top: 5% !important;padding-bottom: 5% !important;background-color: #f5f6f6 !important;}&#8221;][vc_column width=&#8221;1\/2&#8243;]<div class=\"bf-title-block color-titles    \"><h2 class=\"bf-title\">Percorsi di musica al<br \/>\nTeatro di San Carlo<\/h2><\/div>[\/vc_column][vc_column width=&#8221;1\/2&#8243;][vc_column_text]<\/p>\n<p class=\"p1\">Il Teatro di San Carlo, tra le maggiori imprese culturali nazionali, \u00e8 una sempre pi\u00f9 prolifica realt\u00e0 produttiva riconosciuta come patrimonio artistico e umano a livello internazionale.<\/p>\n<p class=\"p1\">La musica e le multiformi espressioni dell\u2019arte, attraverso strutture semantiche universali, rappresentano opportunit\u00e0 di dialogo e confronto tra culture; il necessario bisogno di condividere la bellezza, di riconoscersi in essa, di scoprire l\u2019inscindibile appartenenza della materia umana alle forme dell\u2019espressione liberale, induce ad una sempre pi\u00f9 viva\u00a0cooperazione tra soggetti che operano in ambito culturale ed economico, a una profonda riflessione sulle opportunit\u00e0 di interesse collettivo da sviluppare nei reciproci settori di competenza.<\/p>\n<p class=\"p1\">La sensibilit\u00e0 dei mecenati, capaci di fondere l\u2019amore per l\u2019arte con il concreto sostegno alle azioni di sviluppo, viene riconosciuta come prezioso valore aggiunto rispetto allo svolgimento dell\u2019attivit\u00e0 caratteristica della Fondazione Teatro di San Carlo. Rendendo comune la fruizione dei linguaggi musicali e teatrali, in tutte le possibili manifestazioni sceniche e di ascolto, il San Carlo, simbolo della cultura operistica italiana, si delinea come residenza attiva per le culture del mondo.<\/p>\n<p class=\"p1\">Da queste premesse nasce il progetto\u00a0<span class=\"s1\"><b><i>Concerto d\u2019Imprese<\/i><\/b><\/span>\u00a0sostenuto da un gruppo di eccellenze imprenditoriali del territorio campano che ha unito le forze per implementare interventi di sostegno all&#8217;insediamento, la promozione e lo sviluppo dell\u2019offerta artistica al Teatro di San Carlo: un\u2019azione congiunta che si delinea come progetto di valorizzazione del patrimonio storico musicale, della mobilit\u00e0 artistica, del confronto professionale, della circolazione transnazionale delle opere culturali e artistiche e dei professionisti.\u00a0Contribuendo, ciascuno in base a diverse prospettive d\u2019osservazione e alle proprie idee, alla costituzione di un fondo d\u2019investimento ripartito su base triennale, gli imprenditori hanno consentito al Teatro di rafforzare il percorso artistico della Stagione di Concerti 2018\/19 con grandi interpreti della scena contemporanea come Valery Gergiev alla guida dell\u2019Orchestra del Teatro Marinskij di San Pietroburgo, Cecilia Bartoli e l\u2019Ensemble barocco Les Musiciens du Prince di Monaco, nuovi talenti emergenti del panorama pianistico internazionale come Lorenzo Pone (borsista al Royal College of Music di Londra) e un\u2019esecuzione dell\u2019integrale delle nove Sinfonie di Beethoven affidate alla bacchetta di Juraj Val\u010duha alla direzione dell\u2019Orchestra e Coro del Teatro di San Carlo e dell\u2019Orchestra Sinfonica Nazionale della RAI di Torino. Nell\u2019ambito del percorso d\u2019internazionalizzazione, il progetto di mecenatismo culturale ha permesso, inoltre, di sostenere la tourn\u00e9e 2018 a Pechino del Corpo di Ballo del San Carlo.<\/p>\n<p class=\"p1\">Aedifica \/ Brin 69 srl, ALA Advanced Logistics for Aerospace, Caronte spa, Ferrarelle spa, SIAP srl, Philippe Foriel-Destezet, Getra Spa, TEMI spa per GLS, Isaia spa, Laminazione Sottile spa, Palazzo Caracciolo spa, Seda spa: l\u2019impegno dei Gruppi Prezioso e Di Luggo, di Fulvio Scannapieco e Vittorio Genna, di Lorenzo Matacena di Carlo e Michele Pontecorvo, Simone Finamore, Philippe Foriel-Destezet, Marco Zigon, Francesco Tavassi, Gianluca Isaia, Massimo Moschini, Costanzo Jannotti Pecci, Gianfranco e Antonio D\u2019amato, sensibilit\u00e0 illuminate vicine al Teatro di San Carlo, \u00e8 una dimostrazione del valore che la cultura, oggi come ieri, rappresenta nella nostra societ\u00e0. Sostenere il San Carlo, \u201cdare luogo\u201d alla musica significa tutelare quel bisogno dell\u2019uomo di raccontarsi attraverso i suoni, nato \u2013 riprendendo le parole di Roland Barthes &#8211; \u201cprima che fosse inventata la scrittura, anzi, molto prima che fosse praticata la pittura rupestre\u201d. Sostenere le attivit\u00e0 di spettacolo dal vivo significa impegnarsi a scrivere pagine della nostra cultura contemporanea investendo, soprattutto, e grazie ad un\u2019offerta di grande richiamo, nell\u2019avvicinamento delle giovani generazioni alla scena.<\/p>\n<p class=\"p1\">Una \u201coperazione futuro\u201d dalle tavole del palcoscenico pi\u00f9 antico d\u2019Europa.<\/p>\n<p class=\"p3\"><span class=\"s2\"><a href=\"https:\/\/preprod.teatrosancarlo.it\/files\/amministrazione_trasparente\/Regolamento_Progetto_Concerto_d_Imprese.pdf\"><b>Regolamento<\/b><span class=\"s3\">\u00a0<\/span><b>Progetto Concerto d&#8217;Imprese<\/b><span class=\"s3\">\u00a0(pdf)<\/span><\/a><\/span><span class=\"s4\"><br \/>\n<\/span>https:\/\/preprod.teatrosancarlo.it\/files\/amministrazione_trasparente\/Regolamento_Progetto_Concerto_d_Imprese.pdf<\/p>\n<p class=\"p4\"><a href=\"https:\/\/preprod.teatrosancarlo.it\/files\/amministrazione_trasparente\/Fondazione_Teatro_di_San_Carlo_-_Progetto_Concerto_d_Imprese_-_Imprese_Sostenitrici_Silver.pdf\"><br \/>\n<span class=\"s5\">Fondazione Teatro di San Carlo &#8211; Progetto Concerto d&#8217;Imprese &#8211;\u00a0<\/span><span class=\"s1\"><b>Imprese Sostenitrici Silver<\/b><\/span><span class=\"s5\">\u00a0(pdf)<\/span><\/a><\/p>\n<p class=\"p4\"><span class=\"s1\"><a href=\"https:\/\/preprod.teatrosancarlo.it\/files\/amministrazione_trasparente\/Scheda_Art_Bonus_da_inoltrare_alla_Direzione_Amministrativa_-_Impresa_Sostenitrice_Silver.pdf\"><b><br \/>\nScheda Art Bonus<\/b><span class=\"s6\">\u00a0da inoltrare alla Direzione Amministrativa &#8211; Impresa Sostenitrice Silver (pdf)<\/span><\/a><\/span><\/p>\n<p class=\"p4\"><span class=\"s5\"><a href=\"https:\/\/preprod.teatrosancarlo.it\/files\/amministrazione_trasparente\/Fondazione_Teatro_di_San_Carlo_-_Progetto_Concerto_d_Imprese_-_Imprese_Sostenitrici_Gold.pdf\">Fondazione Teatro di San Carlo &#8211; Progetto Concerto d&#8217;Imprese &#8211;\u00a0<span class=\"s1\"><b>Imprese Sostenitrici Gold<\/b><\/span>\u00a0(pdf)<\/a><\/span><\/p>\n<p class=\"p4\"><span class=\"s1\"><a href=\"https:\/\/preprod.teatrosancarlo.it\/files\/amministrazione_trasparente\/Scheda_Art_Bonus_da_inoltrare_alla_Direzione_Amministrativa_-_Impresa_Sostenitrice_Gold.pdf\"><b><br \/>\nScheda Art Bonus<\/b><span class=\"s6\">\u00a0da inoltrare alla Direzione Amministrativa &#8211; Impresa Sostenitrice Gold (pdf)<\/span><\/a><\/span><\/p>\n<p>[\/vc_column_text][\/vc_column][\/vc_row]<\/p>\n<\/section>","protected":false},"excerpt":{"rendered":"<p>[vc_row data_bf_animate=&#8221;&#8221; bf_overlay_color=&#8221;&#8221; css=&#8221;.vc_custom_1683639113579{padding-top: 10% !important;padding-bottom: 10% !important;}&#8221;][vc_column][vc_single_image image=&#8221;921&#8243; img_size=&#8221;Full&#8221;][\/vc_column][\/vc_row][vc_row data_bf_animate=&#8221;&#8221; bf_overlay_color=&#8221;&#8221; css=&#8221;.vc_custom_1683639038709{padding-top: 5% !important;padding-bottom: 5% !important;background-color: #f5f6f6 !important;}&#8221;][vc_column width=&#8221;1\/2&#8243;][\/vc_column][vc_column width=&#8221;1\/2&#8243;][vc_column_text] Il Teatro di San Carlo, tra le maggiori imprese culturali nazionali, \u00e8 una sempre pi\u00f9 prolifica realt\u00e0 produttiva riconosciuta come patrimonio artistico e umano a livello internazionale. La musica e le multiformi espressioni dell\u2019arte, &hellip; <a class=\"bf-link titles icon-arrow-right icon-arrow-right-primary\" href=\"https:\/\/preprod.teatrosancarlo.it\/en\/concerto-dimprese\/\">Read more<\/a><\/p>\n","protected":false},"author":4,"featured_media":0,"parent":0,"menu_order":0,"comment_status":"closed","ping_status":"closed","template":"","meta":{"footnotes":""},"class_list":["post-920","page","type-page","status-publish","hentry","categoria-pagina-sostienici"],"aioseo_notices":[],"acf":{"header_trasparente":true,"newsletter_footer":true,"next_events_widget":false,"news_widget":false,"video_widget":false,"video":null,"accesso":""},"_links":{"self":[{"href":"https:\/\/preprod.teatrosancarlo.it\/en\/wp-json\/wp\/v2\/pages\/920","targetHints":{"allow":["GET"]}}],"collection":[{"href":"https:\/\/preprod.teatrosancarlo.it\/en\/wp-json\/wp\/v2\/pages"}],"about":[{"href":"https:\/\/preprod.teatrosancarlo.it\/en\/wp-json\/wp\/v2\/types\/page"}],"author":[{"embeddable":true,"href":"https:\/\/preprod.teatrosancarlo.it\/en\/wp-json\/wp\/v2\/users\/4"}],"replies":[{"embeddable":true,"href":"https:\/\/preprod.teatrosancarlo.it\/en\/wp-json\/wp\/v2\/comments?post=920"}],"version-history":[{"count":4,"href":"https:\/\/preprod.teatrosancarlo.it\/en\/wp-json\/wp\/v2\/pages\/920\/revisions"}],"predecessor-version":[{"id":2878,"href":"https:\/\/preprod.teatrosancarlo.it\/en\/wp-json\/wp\/v2\/pages\/920\/revisions\/2878"}],"wp:attachment":[{"href":"https:\/\/preprod.teatrosancarlo.it\/en\/wp-json\/wp\/v2\/media?parent=920"}],"wp:term":[{"taxonomy":"categoria-pagina","embeddable":true,"href":"https:\/\/preprod.teatrosancarlo.it\/en\/wp-json\/wp\/v2\/categoria-pagina?post=920"}],"curies":[{"name":"wp","href":"https:\/\/api.w.org\/{rel}","templated":true}]}}